{"id":79,"date":"2023-10-27T09:55:39","date_gmt":"2023-10-27T09:55:39","guid":{"rendered":"https:\/\/drimtec.com\/?page_id=79"},"modified":"2024-01-24T11:52:05","modified_gmt":"2024-01-24T11:52:05","slug":"drimtec-wheel-lips-for-all","status":"publish","type":"page","link":"https:\/\/drimtec.com\/de\/","title":{"rendered":"DRIMTEC - Alle Felgenbetten sind f\u00fcr Sie da"},"content":{"rendered":"<h2 class=\"wp-block-heading\">Wer sind wir<\/h2>\n\n\n\n<p>Wir sind einer der weltweit f\u00fchrenden Hersteller von Felgenaussen und -innenbetten aus Aluminium und Edelstahl.<\/p>\n\n\n\n<p>Im Laufe der Jahre haben wir Partnerschaften mit europ\u00e4ischen und amerikanischen Auto- und Felgenherstellern aufgebaut und liefern Teile an mehrere spezialisierte Online-Shops weltweit. <\/p>\n\n\n\n<p>Unsere Felgenbetten sind von h\u00f6chster Qualit\u00e4t. Wir haben eine sehr gro\u00dfe Auswahl an Profilen, Gr\u00f6\u00dfen und Breiten. Unsere Felgen k\u00f6nnen auf Felgen jeder Marke montiert werden (BBS, OZ, RH, Speedline usw.) und wir k\u00f6nnen auch ma\u00dfgeschneiderte Teile f\u00fcr jeden einzelnen Kunden herstellen.<\/p>\n\n\n\n<p>Wenn Sie eine Partnerschaft mit uns eingehen oder einfach nur ein paar Felgenbetten kaufen m\u00f6chten, z\u00f6gern Sie nicht, uns zu kontaktieren. <\/p>","protected":false},"excerpt":{"rendered":"<p>Who we are We are one of the world&#8217;s leading manufacturer of wheel lips and barrels from aluminium and stainless steel. Over the years, we have developed partnerships with European and American car and wheels manufacturer and we supply pieces to several specialized online shops worldwide. Our wheel lips and barrels are of the finest [&hellip;]<\/p>\n","protected":false},"author":1,"featured_media":0,"parent":0,"menu_order":0,"comment_status":"closed","ping_status":"closed","template":"","meta":{"footnotes":""},"class_list":["post-79","page","type-page","status-publish","hentry"],"yoast_head":"<!-- This site is optimized with the Yoast SEO plugin v27.4 - https:\/\/yoast.com\/product\/yoast-seo-wordpress\/ -->\n<title>DRIMTEC - Wheel lips for all - DRIMTEC<\/title>\n<meta name=\"description\" content=\"We are the world\u2019s leading manufacturer of wheel lips and barrels from aluminium and stainless steel. Get wheel lips and barrels for a good price, now.\" \/>\n<meta name=\"robots\" content=\"index, follow, max-snippet:-1, max-image-preview:large, max-video-preview:-1\" \/>\n<link rel=\"canonical\" href=\"https:\/\/drimtec.com\/de\/\" \/>\n<meta property=\"og:locale\" content=\"de_DE\" \/>\n<meta property=\"og:type\" content=\"article\" \/>\n<meta property=\"og:title\" content=\"DRIMTEC - Wheel lips for all - DRIMTEC\" \/>\n<meta property=\"og:description\" content=\"We are the world\u2019s leading manufacturer of wheel lips and barrels from aluminium and stainless steel. Get wheel lips and barrels for a good price, now.\" \/>\n<meta property=\"og:url\" content=\"https:\/\/drimtec.com\/de\/\" \/>\n<meta property=\"og:site_name\" content=\"DRIMTEC\" \/>\n<meta property=\"article:modified_time\" content=\"2024-01-24T11:52:05+00:00\" \/>\n<meta name=\"twitter:card\" content=\"summary_large_image\" \/>\n<meta name=\"twitter:label1\" content=\"Gesch\u00e4tzte Lesezeit\" \/>\n\t<meta name=\"twitter:data1\" content=\"1 Minute\" \/>\n<script type=\"application\/ld+json\" class=\"yoast-schema-graph\">{\"@context\":\"https:\\\/\\\/schema.org\",\"@graph\":[{\"@type\":\"WebPage\",\"@id\":\"https:\\\/\\\/drimtec.com\\\/\",\"url\":\"https:\\\/\\\/drimtec.com\\\/\",\"name\":\"DRIMTEC - Wheel lips for all - DRIMTEC\",\"isPartOf\":{\"@id\":\"https:\\\/\\\/drimtec.com\\\/#website\"},\"datePublished\":\"2023-10-27T09:55:39+00:00\",\"dateModified\":\"2024-01-24T11:52:05+00:00\",\"description\":\"We are the world\u2019s leading manufacturer of wheel lips and barrels from aluminium and stainless steel. Get wheel lips and barrels for a good price, now.\",\"breadcrumb\":{\"@id\":\"https:\\\/\\\/drimtec.com\\\/#breadcrumb\"},\"inLanguage\":\"de-DE\",\"potentialAction\":[{\"@type\":\"ReadAction\",\"target\":[\"https:\\\/\\\/drimtec.com\\\/\"]}]},{\"@type\":\"BreadcrumbList\",\"@id\":\"https:\\\/\\\/drimtec.com\\\/#breadcrumb\",\"itemListElement\":[{\"@type\":\"ListItem\",\"position\":1,\"name\":\"Home\",\"item\":\"https:\\\/\\\/drimtec.com\\\/\"},{\"@type\":\"ListItem\",\"position\":2,\"name\":\"DRIMTEC &#8211; Wheel lips for all\"}]},{\"@type\":\"WebSite\",\"@id\":\"https:\\\/\\\/drimtec.com\\\/#website\",\"url\":\"https:\\\/\\\/drimtec.com\\\/\",\"name\":\"DRIMTEC\",\"description\":\"Wheel rims for all\",\"publisher\":{\"@id\":\"https:\\\/\\\/drimtec.com\\\/#organization\"},\"potentialAction\":[{\"@type\":\"SearchAction\",\"target\":{\"@type\":\"EntryPoint\",\"urlTemplate\":\"https:\\\/\\\/drimtec.com\\\/?s={search_term_string}\"},\"query-input\":{\"@type\":\"PropertyValueSpecification\",\"valueRequired\":true,\"valueName\":\"search_term_string\"}}],\"inLanguage\":\"de-DE\"},{\"@type\":\"Organization\",\"@id\":\"https:\\\/\\\/drimtec.com\\\/#organization\",\"name\":\"DRIMTEC\",\"url\":\"https:\\\/\\\/drimtec.com\\\/\",\"logo\":{\"@type\":\"ImageObject\",\"inLanguage\":\"de-DE\",\"@id\":\"https:\\\/\\\/drimtec.com\\\/#\\\/schema\\\/logo\\\/image\\\/\",\"url\":\"https:\\\/\\\/drimtec.com\\\/wp-content\\\/uploads\\\/2023\\\/10\\\/cropped-wheel-lips-drimtec-logo.png\",\"contentUrl\":\"https:\\\/\\\/drimtec.com\\\/wp-content\\\/uploads\\\/2023\\\/10\\\/cropped-wheel-lips-drimtec-logo.png\",\"width\":817,\"height\":762,\"caption\":\"DRIMTEC\"},\"image\":{\"@id\":\"https:\\\/\\\/drimtec.com\\\/#\\\/schema\\\/logo\\\/image\\\/\"}}]}<\/script>\n<!-- \/ Yoast SEO plugin. -->","yoast_head_json":{"title":"DRIMTEC - Alle Felgenbetten sind f\u00fcr Sie da","description":"Wir sind der weltweit f\u00fchrende Hersteller von Felgenbetten aus Aluminium und Edelstahl. Sichern Sie sich jetzt die besten Felgenbetten zu einem guten Preis.","robots":{"index":"index","follow":"follow","max-snippet":"max-snippet:-1","max-image-preview":"max-image-preview:large","max-video-preview":"max-video-preview:-1"},"canonical":"https:\/\/drimtec.com\/de\/","og_locale":"de_DE","og_type":"article","og_title":"DRIMTEC - Wheel lips for all - DRIMTEC","og_description":"We are the world\u2019s leading manufacturer of wheel lips and barrels from aluminium and stainless steel. Get wheel lips and barrels for a good price, now.","og_url":"https:\/\/drimtec.com\/de\/","og_site_name":"DRIMTEC","article_modified_time":"2024-01-24T11:52:05+00:00","twitter_card":"summary_large_image","twitter_misc":{"Gesch\u00e4tzte Lesezeit":"1 Minute"},"schema":{"@context":"https:\/\/schema.org","@graph":[{"@type":"WebPage","@id":"https:\/\/drimtec.com\/","url":"https:\/\/drimtec.com\/","name":"DRIMTEC - Alle Felgenbetten sind f\u00fcr Sie da","isPartOf":{"@id":"https:\/\/drimtec.com\/#website"},"datePublished":"2023-10-27T09:55:39+00:00","dateModified":"2024-01-24T11:52:05+00:00","description":"Wir sind der weltweit f\u00fchrende Hersteller von Felgenbetten aus Aluminium und Edelstahl. Sichern Sie sich jetzt die besten Felgenbetten zu einem guten Preis.","breadcrumb":{"@id":"https:\/\/drimtec.com\/#breadcrumb"},"inLanguage":"de-DE","potentialAction":[{"@type":"ReadAction","target":["https:\/\/drimtec.com\/"]}]},{"@type":"BreadcrumbList","@id":"https:\/\/drimtec.com\/#breadcrumb","itemListElement":[{"@type":"ListItem","position":1,"name":"Home","item":"https:\/\/drimtec.com\/"},{"@type":"ListItem","position":2,"name":"DRIMTEC &#8211; Wheel lips for all"}]},{"@type":"WebSite","@id":"https:\/\/drimtec.com\/#website","url":"https:\/\/drimtec.com\/","name":"DRIMTEC","description":"Wheel rims for all","publisher":{"@id":"https:\/\/drimtec.com\/#organization"},"potentialAction":[{"@type":"SearchAction","target":{"@type":"EntryPoint","urlTemplate":"https:\/\/drimtec.com\/?s={search_term_string}"},"query-input":{"@type":"PropertyValueSpecification","valueRequired":true,"valueName":"search_term_string"}}],"inLanguage":"de-DE"},{"@type":"Organization","@id":"https:\/\/drimtec.com\/#organization","name":"DRIMTEC","url":"https:\/\/drimtec.com\/","logo":{"@type":"ImageObject","inLanguage":"de-DE","@id":"https:\/\/drimtec.com\/#\/schema\/logo\/image\/","url":"https:\/\/drimtec.com\/wp-content\/uploads\/2023\/10\/cropped-wheel-lips-drimtec-logo.png","contentUrl":"https:\/\/drimtec.com\/wp-content\/uploads\/2023\/10\/cropped-wheel-lips-drimtec-logo.png","width":817,"height":762,"caption":"DRIMTEC"},"image":{"@id":"https:\/\/drimtec.com\/#\/schema\/logo\/image\/"}}]}},"_links":{"self":[{"href":"https:\/\/drimtec.com\/de\/wp-json\/wp\/v2\/pages\/79","targetHints":{"allow":["GET"]}}],"collection":[{"href":"https:\/\/drimtec.com\/de\/wp-json\/wp\/v2\/pages"}],"about":[{"href":"https:\/\/drimtec.com\/de\/wp-json\/wp\/v2\/types\/page"}],"author":[{"embeddable":true,"href":"https:\/\/drimtec.com\/de\/wp-json\/wp\/v2\/users\/1"}],"replies":[{"embeddable":true,"href":"https:\/\/drimtec.com\/de\/wp-json\/wp\/v2\/comments?post=79"}],"version-history":[{"count":1,"href":"https:\/\/drimtec.com\/de\/wp-json\/wp\/v2\/pages\/79\/revisions"}],"predecessor-version":[{"id":80,"href":"https:\/\/drimtec.com\/de\/wp-json\/wp\/v2\/pages\/79\/revisions\/80"}],"wp:attachment":[{"href":"https:\/\/drimtec.com\/de\/wp-json\/wp\/v2\/media?parent=79"}],"curies":[{"name":"wp","href":"https:\/\/api.w.org\/{rel}","templated":true}]}}