{"id":64,"date":"2023-10-26T14:30:46","date_gmt":"2023-10-26T14:30:46","guid":{"rendered":"https:\/\/drimtec.com\/?page_id=64"},"modified":"2024-01-24T12:01:13","modified_gmt":"2024-01-24T12:01:13","slug":"our-factory","status":"publish","type":"page","link":"https:\/\/drimtec.com\/de\/unsere-fabrik\/","title":{"rendered":"Unsere Fabrik"},"content":{"rendered":"<h2 class=\"wp-block-heading\">Kapazit\u00e4t<\/h2>\n\n\n\n<p>Unsere Fabrik wurde im Laufe der Jahre erweitert. Wir sind derzeit in der Lage, sehr schnell \u00fcber 500 verschiedene Arten von Felgenbetten zu liefern. Unser Lagerbestand umfasst \u00fcber 20.000 St\u00fcck und wird st\u00e4ndig erweitert. <\/p>\n\n\n\n<h2 class=\"wp-block-heading\">Hohe Anspr\u00fcche<\/h2>\n\n\n\n<p>F\u00fcr die Herstellung unserer Betten nutzen wir modernste Maschinen. Unsere Maschinen stammen aus deutscher oder italienischer Produktion und gew\u00e4hrleisten h\u00f6chste Qualit\u00e4t, Standardisierung und Kontrolle \u00fcber unsere Produktion. Unsere Produkte sind f\u00fcr ihre Sicherheit und Robustheit bekannt. <\/p>\n\n\n\n<h2 class=\"wp-block-heading\">Sicherheit<\/h2>\n\n\n\n<p>Unsere qualifizierten Arbeitskr\u00e4fte profitieren von sicheren Arbeitsbedingungen und vielen Benefits. Wir streben nach hohen Standards hinsichtlich der Arbeitsbedingungen in unserem Unternehmen.<\/p>\n\n\n\n<h2 class=\"wp-block-heading\">Lieferkette und Sourcing<\/h2>\n\n\n\n<p>Wir haben langfristige Vertr\u00e4ge mit den weltweit besten Herstellern von Aluminium und Edelstahl und haben unsere Lieferquellen optimiert, um sicherzustellen, dass unsere Kunden immer standardisierte, hochwertige Felgenbetten schnell erhalten, mit denen sie unter allen Umst\u00e4nden Ihre Fahrzeuge fahren k\u00f6nnen.<\/p>\n\n\n\n<figure class=\"wp-block-image\"><img loading=\"lazy\" decoding=\"async\" width=\"960\" height=\"720\" src=\"https:\/\/drimtec.com\/wp-content\/uploads\/2023\/10\/12004035_1664388147172062_7011131486565515573_n.jpg\" alt=\"\" class=\"wp-image-76\" srcset=\"https:\/\/drimtec.com\/wp-content\/uploads\/2023\/10\/12004035_1664388147172062_7011131486565515573_n.jpg 960w, https:\/\/drimtec.com\/wp-content\/uploads\/2023\/10\/12004035_1664388147172062_7011131486565515573_n-300x225.jpg 300w, https:\/\/drimtec.com\/wp-content\/uploads\/2023\/10\/12004035_1664388147172062_7011131486565515573_n-768x576.jpg 768w\" sizes=\"auto, (max-width: 960px) 100vw, 960px\" \/><\/figure>","protected":false},"excerpt":{"rendered":"<p>Capacity Our factory has expanded over the years. We are currently able to supply very quickly over 500 different types of lips or barrels. Our stock has over 20.000 pieces and is constantly expanding. High standards We use the most modern machines for the production of our lips. Our machines come from German or Italian [&hellip;]<\/p>\n","protected":false},"author":1,"featured_media":0,"parent":0,"menu_order":0,"comment_status":"closed","ping_status":"closed","template":"","meta":{"footnotes":""},"class_list":["post-64","page","type-page","status-publish","hentry"],"yoast_head":"<!-- This site is optimized with the Yoast SEO plugin v27.4 - https:\/\/yoast.com\/product\/yoast-seo-wordpress\/ -->\n<title>Our Factory - Wheel lips and barrels - DRIMTEC<\/title>\n<meta name=\"description\" content=\"In our modern factory we produce high-quality wheel lips and barrels for famous brands. Big stock available and quick delivery are guaranteed.\" \/>\n<meta name=\"robots\" content=\"index, follow, max-snippet:-1, max-image-preview:large, max-video-preview:-1\" \/>\n<link rel=\"canonical\" href=\"https:\/\/drimtec.com\/de\/our-factory\/\" \/>\n<meta property=\"og:locale\" content=\"de_DE\" \/>\n<meta property=\"og:type\" content=\"article\" \/>\n<meta property=\"og:title\" content=\"Our Factory - Wheel lips and barrels - DRIMTEC\" \/>\n<meta property=\"og:description\" content=\"In our modern factory we produce high-quality wheel lips and barrels for famous brands. Big stock available and quick delivery are guaranteed.\" \/>\n<meta property=\"og:url\" content=\"https:\/\/drimtec.com\/de\/our-factory\/\" \/>\n<meta property=\"og:site_name\" content=\"DRIMTEC\" \/>\n<meta property=\"article:modified_time\" content=\"2024-01-24T12:01:13+00:00\" \/>\n<meta property=\"og:image\" content=\"https:\/\/drimtec.com\/wp-content\/uploads\/2023\/10\/12004035_1664388147172062_7011131486565515573_n.jpg\" \/>\n<meta name=\"twitter:card\" content=\"summary_large_image\" \/>\n<meta name=\"twitter:label1\" content=\"Gesch\u00e4tzte Lesezeit\" \/>\n\t<meta name=\"twitter:data1\" content=\"1 Minute\" \/>\n<script type=\"application\/ld+json\" class=\"yoast-schema-graph\">{\"@context\":\"https:\\\/\\\/schema.org\",\"@graph\":[{\"@type\":\"WebPage\",\"@id\":\"https:\\\/\\\/drimtec.com\\\/our-factory\\\/\",\"url\":\"https:\\\/\\\/drimtec.com\\\/our-factory\\\/\",\"name\":\"Our Factory - Wheel lips and barrels - DRIMTEC\",\"isPartOf\":{\"@id\":\"https:\\\/\\\/drimtec.com\\\/#website\"},\"primaryImageOfPage\":{\"@id\":\"https:\\\/\\\/drimtec.com\\\/our-factory\\\/#primaryimage\"},\"image\":{\"@id\":\"https:\\\/\\\/drimtec.com\\\/our-factory\\\/#primaryimage\"},\"thumbnailUrl\":\"https:\\\/\\\/drimtec.com\\\/wp-content\\\/uploads\\\/2023\\\/10\\\/12004035_1664388147172062_7011131486565515573_n.jpg\",\"datePublished\":\"2023-10-26T14:30:46+00:00\",\"dateModified\":\"2024-01-24T12:01:13+00:00\",\"description\":\"In our modern factory we produce high-quality wheel lips and barrels for famous brands. Big stock available and quick delivery are guaranteed.\",\"breadcrumb\":{\"@id\":\"https:\\\/\\\/drimtec.com\\\/our-factory\\\/#breadcrumb\"},\"inLanguage\":\"de-DE\",\"potentialAction\":[{\"@type\":\"ReadAction\",\"target\":[\"https:\\\/\\\/drimtec.com\\\/our-factory\\\/\"]}]},{\"@type\":\"ImageObject\",\"inLanguage\":\"de-DE\",\"@id\":\"https:\\\/\\\/drimtec.com\\\/our-factory\\\/#primaryimage\",\"url\":\"https:\\\/\\\/drimtec.com\\\/wp-content\\\/uploads\\\/2023\\\/10\\\/12004035_1664388147172062_7011131486565515573_n.jpg\",\"contentUrl\":\"https:\\\/\\\/drimtec.com\\\/wp-content\\\/uploads\\\/2023\\\/10\\\/12004035_1664388147172062_7011131486565515573_n.jpg\"},{\"@type\":\"BreadcrumbList\",\"@id\":\"https:\\\/\\\/drimtec.com\\\/our-factory\\\/#breadcrumb\",\"itemListElement\":[{\"@type\":\"ListItem\",\"position\":1,\"name\":\"Home\",\"item\":\"https:\\\/\\\/drimtec.com\\\/\"},{\"@type\":\"ListItem\",\"position\":2,\"name\":\"Our Factory\"}]},{\"@type\":\"WebSite\",\"@id\":\"https:\\\/\\\/drimtec.com\\\/#website\",\"url\":\"https:\\\/\\\/drimtec.com\\\/\",\"name\":\"DRIMTEC\",\"description\":\"Wheel rims for all\",\"publisher\":{\"@id\":\"https:\\\/\\\/drimtec.com\\\/#organization\"},\"potentialAction\":[{\"@type\":\"SearchAction\",\"target\":{\"@type\":\"EntryPoint\",\"urlTemplate\":\"https:\\\/\\\/drimtec.com\\\/?s={search_term_string}\"},\"query-input\":{\"@type\":\"PropertyValueSpecification\",\"valueRequired\":true,\"valueName\":\"search_term_string\"}}],\"inLanguage\":\"de-DE\"},{\"@type\":\"Organization\",\"@id\":\"https:\\\/\\\/drimtec.com\\\/#organization\",\"name\":\"DRIMTEC\",\"url\":\"https:\\\/\\\/drimtec.com\\\/\",\"logo\":{\"@type\":\"ImageObject\",\"inLanguage\":\"de-DE\",\"@id\":\"https:\\\/\\\/drimtec.com\\\/#\\\/schema\\\/logo\\\/image\\\/\",\"url\":\"https:\\\/\\\/drimtec.com\\\/wp-content\\\/uploads\\\/2023\\\/10\\\/cropped-wheel-lips-drimtec-logo.png\",\"contentUrl\":\"https:\\\/\\\/drimtec.com\\\/wp-content\\\/uploads\\\/2023\\\/10\\\/cropped-wheel-lips-drimtec-logo.png\",\"width\":817,\"height\":762,\"caption\":\"DRIMTEC\"},\"image\":{\"@id\":\"https:\\\/\\\/drimtec.com\\\/#\\\/schema\\\/logo\\\/image\\\/\"}}]}<\/script>\n<!-- \/ Yoast SEO plugin. -->","yoast_head_json":{"title":"Unsere Fabrik - Felgenbetten - DRIMTEC","description":"In unserer modernen Fabrik produzieren wir hochwertige Felgen und Felgen f\u00fcr namhafte Marken. Gro\u00dfe Lagerbest\u00e4nde und schnelle Lieferung sind garantiert.","robots":{"index":"index","follow":"follow","max-snippet":"max-snippet:-1","max-image-preview":"max-image-preview:large","max-video-preview":"max-video-preview:-1"},"canonical":"https:\/\/drimtec.com\/de\/our-factory\/","og_locale":"de_DE","og_type":"article","og_title":"Our Factory - Wheel lips and barrels - DRIMTEC","og_description":"In our modern factory we produce high-quality wheel lips and barrels for famous brands. Big stock available and quick delivery are guaranteed.","og_url":"https:\/\/drimtec.com\/de\/our-factory\/","og_site_name":"DRIMTEC","article_modified_time":"2024-01-24T12:01:13+00:00","og_image":[{"url":"https:\/\/drimtec.com\/wp-content\/uploads\/2023\/10\/12004035_1664388147172062_7011131486565515573_n.jpg","type":"","width":"","height":""}],"twitter_card":"summary_large_image","twitter_misc":{"Gesch\u00e4tzte Lesezeit":"1 Minute"},"schema":{"@context":"https:\/\/schema.org","@graph":[{"@type":"WebPage","@id":"https:\/\/drimtec.com\/our-factory\/","url":"https:\/\/drimtec.com\/our-factory\/","name":"Unsere Fabrik - Felgenbetten - DRIMTEC","isPartOf":{"@id":"https:\/\/drimtec.com\/#website"},"primaryImageOfPage":{"@id":"https:\/\/drimtec.com\/our-factory\/#primaryimage"},"image":{"@id":"https:\/\/drimtec.com\/our-factory\/#primaryimage"},"thumbnailUrl":"https:\/\/drimtec.com\/wp-content\/uploads\/2023\/10\/12004035_1664388147172062_7011131486565515573_n.jpg","datePublished":"2023-10-26T14:30:46+00:00","dateModified":"2024-01-24T12:01:13+00:00","description":"In unserer modernen Fabrik produzieren wir hochwertige Felgen und Felgen f\u00fcr namhafte Marken. Gro\u00dfe Lagerbest\u00e4nde und schnelle Lieferung sind garantiert.","breadcrumb":{"@id":"https:\/\/drimtec.com\/our-factory\/#breadcrumb"},"inLanguage":"de-DE","potentialAction":[{"@type":"ReadAction","target":["https:\/\/drimtec.com\/our-factory\/"]}]},{"@type":"ImageObject","inLanguage":"de-DE","@id":"https:\/\/drimtec.com\/our-factory\/#primaryimage","url":"https:\/\/drimtec.com\/wp-content\/uploads\/2023\/10\/12004035_1664388147172062_7011131486565515573_n.jpg","contentUrl":"https:\/\/drimtec.com\/wp-content\/uploads\/2023\/10\/12004035_1664388147172062_7011131486565515573_n.jpg"},{"@type":"BreadcrumbList","@id":"https:\/\/drimtec.com\/our-factory\/#breadcrumb","itemListElement":[{"@type":"ListItem","position":1,"name":"Home","item":"https:\/\/drimtec.com\/"},{"@type":"ListItem","position":2,"name":"Our Factory"}]},{"@type":"WebSite","@id":"https:\/\/drimtec.com\/#website","url":"https:\/\/drimtec.com\/","name":"DRIMTEC","description":"Wheel rims for all","publisher":{"@id":"https:\/\/drimtec.com\/#organization"},"potentialAction":[{"@type":"SearchAction","target":{"@type":"EntryPoint","urlTemplate":"https:\/\/drimtec.com\/?s={search_term_string}"},"query-input":{"@type":"PropertyValueSpecification","valueRequired":true,"valueName":"search_term_string"}}],"inLanguage":"de-DE"},{"@type":"Organization","@id":"https:\/\/drimtec.com\/#organization","name":"DRIMTEC","url":"https:\/\/drimtec.com\/","logo":{"@type":"ImageObject","inLanguage":"de-DE","@id":"https:\/\/drimtec.com\/#\/schema\/logo\/image\/","url":"https:\/\/drimtec.com\/wp-content\/uploads\/2023\/10\/cropped-wheel-lips-drimtec-logo.png","contentUrl":"https:\/\/drimtec.com\/wp-content\/uploads\/2023\/10\/cropped-wheel-lips-drimtec-logo.png","width":817,"height":762,"caption":"DRIMTEC"},"image":{"@id":"https:\/\/drimtec.com\/#\/schema\/logo\/image\/"}}]}},"_links":{"self":[{"href":"https:\/\/drimtec.com\/de\/wp-json\/wp\/v2\/pages\/64","targetHints":{"allow":["GET"]}}],"collection":[{"href":"https:\/\/drimtec.com\/de\/wp-json\/wp\/v2\/pages"}],"about":[{"href":"https:\/\/drimtec.com\/de\/wp-json\/wp\/v2\/types\/page"}],"author":[{"embeddable":true,"href":"https:\/\/drimtec.com\/de\/wp-json\/wp\/v2\/users\/1"}],"replies":[{"embeddable":true,"href":"https:\/\/drimtec.com\/de\/wp-json\/wp\/v2\/comments?post=64"}],"version-history":[{"count":3,"href":"https:\/\/drimtec.com\/de\/wp-json\/wp\/v2\/pages\/64\/revisions"}],"predecessor-version":[{"id":133,"href":"https:\/\/drimtec.com\/de\/wp-json\/wp\/v2\/pages\/64\/revisions\/133"}],"wp:attachment":[{"href":"https:\/\/drimtec.com\/de\/wp-json\/wp\/v2\/media?parent=64"}],"curies":[{"name":"wp","href":"https:\/\/api.w.org\/{rel}","templated":true}]}}