{"id":62,"date":"2023-10-26T14:30:19","date_gmt":"2023-10-26T14:30:19","guid":{"rendered":"https:\/\/drimtec.com\/?page_id=62"},"modified":"2024-01-24T11:54:22","modified_gmt":"2024-01-24T11:54:22","slug":"accessories","status":"publish","type":"page","link":"https:\/\/drimtec.com\/de\/zubehor\/","title":{"rendered":"Felgenzubeh\u00f6r"},"content":{"rendered":"<p>Unsere jahrzehntelange Erfahrung mit Felgen und Felgenbetten verschafft uns einen Vorsprung bei der Auswahl des perfekten Zubeh\u00f6rs f\u00fcr Ihre Felgen.<\/p>\n\n\n\n<p>Wir k\u00f6nnen Ihnen gepr\u00fcftes und zugelassenes Zubeh\u00f6r f\u00fcr Ihre R\u00e4der anbieten: Schrauben, Nabenkappen, Ventile, Silikondichtmittel, Radmuttern usw. <\/p>\n\n\n\n<p>Wir k\u00f6nnen bei gro\u00dfen und kleinen Bestellungen einen wettbewerbsf\u00e4higen Preis erzielen. Gerne erstellen wir auch Zubeh\u00f6r nach Ihren W\u00fcnschen. Schicken Sie uns einfach eine E-Mail.<\/p>\n\n\n\n<figure class=\"wp-block-gallery has-nested-images columns-default is-cropped wp-block-gallery-1 is-layout-flex wp-block-gallery-is-layout-flex\">\n<figure class=\"wp-block-image size-large\"><img loading=\"lazy\" decoding=\"async\" width=\"859\" height=\"431\" data-id=\"115\" src=\"https:\/\/drimtec.com\/wp-content\/uploads\/2023\/11\/buy-wheel-center-cap.jpg\" alt=\"\" class=\"wp-image-115\" srcset=\"https:\/\/drimtec.com\/wp-content\/uploads\/2023\/11\/buy-wheel-center-cap.jpg 859w, https:\/\/drimtec.com\/wp-content\/uploads\/2023\/11\/buy-wheel-center-cap-300x151.jpg 300w, https:\/\/drimtec.com\/wp-content\/uploads\/2023\/11\/buy-wheel-center-cap-768x385.jpg 768w\" sizes=\"auto, (max-width: 859px) 100vw, 859px\" \/><\/figure>\n\n\n\n<figure class=\"wp-block-image size-large\"><img loading=\"lazy\" decoding=\"async\" width=\"883\" height=\"415\" data-id=\"117\" src=\"https:\/\/drimtec.com\/wp-content\/uploads\/2023\/11\/wheel-lock-nut.jpg\" alt=\"\" class=\"wp-image-117\" srcset=\"https:\/\/drimtec.com\/wp-content\/uploads\/2023\/11\/wheel-lock-nut.jpg 883w, https:\/\/drimtec.com\/wp-content\/uploads\/2023\/11\/wheel-lock-nut-300x141.jpg 300w, https:\/\/drimtec.com\/wp-content\/uploads\/2023\/11\/wheel-lock-nut-768x361.jpg 768w\" sizes=\"auto, (max-width: 883px) 100vw, 883px\" \/><\/figure>\n\n\n\n<figure class=\"wp-block-image size-large\"><img loading=\"lazy\" decoding=\"async\" width=\"1024\" height=\"457\" data-id=\"116\" src=\"https:\/\/drimtec.com\/wp-content\/uploads\/2023\/11\/wheel-lugs-buy-1024x457.jpg\" alt=\"\" class=\"wp-image-116\" srcset=\"https:\/\/drimtec.com\/wp-content\/uploads\/2023\/11\/wheel-lugs-buy-1024x457.jpg 1024w, https:\/\/drimtec.com\/wp-content\/uploads\/2023\/11\/wheel-lugs-buy-300x134.jpg 300w, https:\/\/drimtec.com\/wp-content\/uploads\/2023\/11\/wheel-lugs-buy-768x343.jpg 768w, https:\/\/drimtec.com\/wp-content\/uploads\/2023\/11\/wheel-lugs-buy.jpg 1267w\" sizes=\"auto, (max-width: 1024px) 100vw, 1024px\" \/><\/figure>\n\n\n\n<figure class=\"wp-block-image size-large\"><img loading=\"lazy\" decoding=\"async\" width=\"1024\" height=\"570\" data-id=\"118\" src=\"https:\/\/drimtec.com\/wp-content\/uploads\/2023\/11\/wheel-bolts-7x32-1-1024x570.jpg\" alt=\"\" class=\"wp-image-118\" srcset=\"https:\/\/drimtec.com\/wp-content\/uploads\/2023\/11\/wheel-bolts-7x32-1-1024x570.jpg 1024w, https:\/\/drimtec.com\/wp-content\/uploads\/2023\/11\/wheel-bolts-7x32-1-300x167.jpg 300w, https:\/\/drimtec.com\/wp-content\/uploads\/2023\/11\/wheel-bolts-7x32-1-768x428.jpg 768w, https:\/\/drimtec.com\/wp-content\/uploads\/2023\/11\/wheel-bolts-7x32-1.jpg 1218w\" sizes=\"auto, (max-width: 1024px) 100vw, 1024px\" \/><\/figure>\n<\/figure>","protected":false},"excerpt":{"rendered":"<p>Our decades of experience with wheels, wheel lips and barrels gave us an edge on the choice of the perfect accessories for our products. We can offer you tested and approved accessories for your wheels : bolts, center caps, valves, silicone sealant, lugs etc. We can over a competitive price on big and small orders. [&hellip;]<\/p>\n","protected":false},"author":1,"featured_media":0,"parent":0,"menu_order":0,"comment_status":"closed","ping_status":"closed","template":"","meta":{"footnotes":""},"class_list":["post-62","page","type-page","status-publish","hentry"],"yoast_head":"<!-- This site is optimized with the Yoast SEO plugin v27.4 - https:\/\/yoast.com\/product\/yoast-seo-wordpress\/ -->\n<title>Wheel Accessories - DRIMTEC<\/title>\n<meta name=\"description\" content=\"Get any wheel accessories you need from real threepiece wheels specialists like us, Drimtec. Big choice. Quick delivery. Good price.\" \/>\n<meta name=\"robots\" content=\"index, follow, max-snippet:-1, max-image-preview:large, max-video-preview:-1\" \/>\n<link rel=\"canonical\" href=\"https:\/\/drimtec.com\/de\/accessories\/\" \/>\n<meta property=\"og:locale\" content=\"de_DE\" \/>\n<meta property=\"og:type\" content=\"article\" \/>\n<meta property=\"og:title\" content=\"Wheel Accessories - DRIMTEC\" \/>\n<meta property=\"og:description\" content=\"Get any wheel accessories you need from real threepiece wheels specialists like us, Drimtec. Big choice. Quick delivery. Good price.\" \/>\n<meta property=\"og:url\" content=\"https:\/\/drimtec.com\/de\/accessories\/\" \/>\n<meta property=\"og:site_name\" content=\"DRIMTEC\" \/>\n<meta property=\"article:modified_time\" content=\"2024-01-24T11:54:22+00:00\" \/>\n<meta property=\"og:image\" content=\"https:\/\/drimtec.com\/wp-content\/uploads\/2023\/11\/buy-wheel-center-cap.jpg\" \/>\n<meta name=\"twitter:card\" content=\"summary_large_image\" \/>\n<meta name=\"twitter:label1\" content=\"Gesch\u00e4tzte Lesezeit\" \/>\n\t<meta name=\"twitter:data1\" content=\"2 Minuten\" \/>\n<script type=\"application\/ld+json\" class=\"yoast-schema-graph\">{\"@context\":\"https:\\\/\\\/schema.org\",\"@graph\":[{\"@type\":\"WebPage\",\"@id\":\"https:\\\/\\\/drimtec.com\\\/accessories\\\/\",\"url\":\"https:\\\/\\\/drimtec.com\\\/accessories\\\/\",\"name\":\"Wheel Accessories - DRIMTEC\",\"isPartOf\":{\"@id\":\"https:\\\/\\\/drimtec.com\\\/#website\"},\"primaryImageOfPage\":{\"@id\":\"https:\\\/\\\/drimtec.com\\\/accessories\\\/#primaryimage\"},\"image\":{\"@id\":\"https:\\\/\\\/drimtec.com\\\/accessories\\\/#primaryimage\"},\"thumbnailUrl\":\"https:\\\/\\\/drimtec.com\\\/wp-content\\\/uploads\\\/2023\\\/11\\\/buy-wheel-center-cap.jpg\",\"datePublished\":\"2023-10-26T14:30:19+00:00\",\"dateModified\":\"2024-01-24T11:54:22+00:00\",\"description\":\"Get any wheel accessories you need from real threepiece wheels specialists like us, Drimtec. Big choice. Quick delivery. Good price.\",\"breadcrumb\":{\"@id\":\"https:\\\/\\\/drimtec.com\\\/accessories\\\/#breadcrumb\"},\"inLanguage\":\"de-DE\",\"potentialAction\":[{\"@type\":\"ReadAction\",\"target\":[\"https:\\\/\\\/drimtec.com\\\/accessories\\\/\"]}]},{\"@type\":\"ImageObject\",\"inLanguage\":\"de-DE\",\"@id\":\"https:\\\/\\\/drimtec.com\\\/accessories\\\/#primaryimage\",\"url\":\"https:\\\/\\\/drimtec.com\\\/wp-content\\\/uploads\\\/2023\\\/11\\\/buy-wheel-center-cap.jpg\",\"contentUrl\":\"https:\\\/\\\/drimtec.com\\\/wp-content\\\/uploads\\\/2023\\\/11\\\/buy-wheel-center-cap.jpg\"},{\"@type\":\"BreadcrumbList\",\"@id\":\"https:\\\/\\\/drimtec.com\\\/accessories\\\/#breadcrumb\",\"itemListElement\":[{\"@type\":\"ListItem\",\"position\":1,\"name\":\"Home\",\"item\":\"https:\\\/\\\/drimtec.com\\\/\"},{\"@type\":\"ListItem\",\"position\":2,\"name\":\"Accessories\"}]},{\"@type\":\"WebSite\",\"@id\":\"https:\\\/\\\/drimtec.com\\\/#website\",\"url\":\"https:\\\/\\\/drimtec.com\\\/\",\"name\":\"DRIMTEC\",\"description\":\"Wheel rims for all\",\"publisher\":{\"@id\":\"https:\\\/\\\/drimtec.com\\\/#organization\"},\"potentialAction\":[{\"@type\":\"SearchAction\",\"target\":{\"@type\":\"EntryPoint\",\"urlTemplate\":\"https:\\\/\\\/drimtec.com\\\/?s={search_term_string}\"},\"query-input\":{\"@type\":\"PropertyValueSpecification\",\"valueRequired\":true,\"valueName\":\"search_term_string\"}}],\"inLanguage\":\"de-DE\"},{\"@type\":\"Organization\",\"@id\":\"https:\\\/\\\/drimtec.com\\\/#organization\",\"name\":\"DRIMTEC\",\"url\":\"https:\\\/\\\/drimtec.com\\\/\",\"logo\":{\"@type\":\"ImageObject\",\"inLanguage\":\"de-DE\",\"@id\":\"https:\\\/\\\/drimtec.com\\\/#\\\/schema\\\/logo\\\/image\\\/\",\"url\":\"https:\\\/\\\/drimtec.com\\\/wp-content\\\/uploads\\\/2023\\\/10\\\/cropped-wheel-lips-drimtec-logo.png\",\"contentUrl\":\"https:\\\/\\\/drimtec.com\\\/wp-content\\\/uploads\\\/2023\\\/10\\\/cropped-wheel-lips-drimtec-logo.png\",\"width\":817,\"height\":762,\"caption\":\"DRIMTEC\"},\"image\":{\"@id\":\"https:\\\/\\\/drimtec.com\\\/#\\\/schema\\\/logo\\\/image\\\/\"}}]}<\/script>\n<!-- \/ Yoast SEO plugin. -->","yoast_head_json":{"title":"Zubeh\u00f6r f\u00fcr Ihre Felgen - DRIMTEC","description":"Holen Sie sich das Felgenzubeh\u00f6r, das Sie ben\u00f6tigen, von echten Spezialisten f\u00fcr dreiteilige Felgen wie DRIMTEC. Gro\u00dfe Auswahl. Schnelle Lieferung. Guter Preis.","robots":{"index":"index","follow":"follow","max-snippet":"max-snippet:-1","max-image-preview":"max-image-preview:large","max-video-preview":"max-video-preview:-1"},"canonical":"https:\/\/drimtec.com\/de\/accessories\/","og_locale":"de_DE","og_type":"article","og_title":"Wheel Accessories - DRIMTEC","og_description":"Get any wheel accessories you need from real threepiece wheels specialists like us, Drimtec. Big choice. Quick delivery. Good price.","og_url":"https:\/\/drimtec.com\/de\/accessories\/","og_site_name":"DRIMTEC","article_modified_time":"2024-01-24T11:54:22+00:00","og_image":[{"url":"https:\/\/drimtec.com\/wp-content\/uploads\/2023\/11\/buy-wheel-center-cap.jpg","type":"","width":"","height":""}],"twitter_card":"summary_large_image","twitter_misc":{"Gesch\u00e4tzte Lesezeit":"2 Minuten"},"schema":{"@context":"https:\/\/schema.org","@graph":[{"@type":"WebPage","@id":"https:\/\/drimtec.com\/accessories\/","url":"https:\/\/drimtec.com\/accessories\/","name":"Zubeh\u00f6r f\u00fcr Ihre Felgen - DRIMTEC","isPartOf":{"@id":"https:\/\/drimtec.com\/#website"},"primaryImageOfPage":{"@id":"https:\/\/drimtec.com\/accessories\/#primaryimage"},"image":{"@id":"https:\/\/drimtec.com\/accessories\/#primaryimage"},"thumbnailUrl":"https:\/\/drimtec.com\/wp-content\/uploads\/2023\/11\/buy-wheel-center-cap.jpg","datePublished":"2023-10-26T14:30:19+00:00","dateModified":"2024-01-24T11:54:22+00:00","description":"Holen Sie sich das Felgenzubeh\u00f6r, das Sie ben\u00f6tigen, von echten Spezialisten f\u00fcr dreiteilige Felgen wie DRIMTEC. Gro\u00dfe Auswahl. Schnelle Lieferung. Guter Preis.","breadcrumb":{"@id":"https:\/\/drimtec.com\/accessories\/#breadcrumb"},"inLanguage":"de-DE","potentialAction":[{"@type":"ReadAction","target":["https:\/\/drimtec.com\/accessories\/"]}]},{"@type":"ImageObject","inLanguage":"de-DE","@id":"https:\/\/drimtec.com\/accessories\/#primaryimage","url":"https:\/\/drimtec.com\/wp-content\/uploads\/2023\/11\/buy-wheel-center-cap.jpg","contentUrl":"https:\/\/drimtec.com\/wp-content\/uploads\/2023\/11\/buy-wheel-center-cap.jpg"},{"@type":"BreadcrumbList","@id":"https:\/\/drimtec.com\/accessories\/#breadcrumb","itemListElement":[{"@type":"ListItem","position":1,"name":"Home","item":"https:\/\/drimtec.com\/"},{"@type":"ListItem","position":2,"name":"Accessories"}]},{"@type":"WebSite","@id":"https:\/\/drimtec.com\/#website","url":"https:\/\/drimtec.com\/","name":"DRIMTEC","description":"Wheel rims for all","publisher":{"@id":"https:\/\/drimtec.com\/#organization"},"potentialAction":[{"@type":"SearchAction","target":{"@type":"EntryPoint","urlTemplate":"https:\/\/drimtec.com\/?s={search_term_string}"},"query-input":{"@type":"PropertyValueSpecification","valueRequired":true,"valueName":"search_term_string"}}],"inLanguage":"de-DE"},{"@type":"Organization","@id":"https:\/\/drimtec.com\/#organization","name":"DRIMTEC","url":"https:\/\/drimtec.com\/","logo":{"@type":"ImageObject","inLanguage":"de-DE","@id":"https:\/\/drimtec.com\/#\/schema\/logo\/image\/","url":"https:\/\/drimtec.com\/wp-content\/uploads\/2023\/10\/cropped-wheel-lips-drimtec-logo.png","contentUrl":"https:\/\/drimtec.com\/wp-content\/uploads\/2023\/10\/cropped-wheel-lips-drimtec-logo.png","width":817,"height":762,"caption":"DRIMTEC"},"image":{"@id":"https:\/\/drimtec.com\/#\/schema\/logo\/image\/"}}]}},"_links":{"self":[{"href":"https:\/\/drimtec.com\/de\/wp-json\/wp\/v2\/pages\/62","targetHints":{"allow":["GET"]}}],"collection":[{"href":"https:\/\/drimtec.com\/de\/wp-json\/wp\/v2\/pages"}],"about":[{"href":"https:\/\/drimtec.com\/de\/wp-json\/wp\/v2\/types\/page"}],"author":[{"embeddable":true,"href":"https:\/\/drimtec.com\/de\/wp-json\/wp\/v2\/users\/1"}],"replies":[{"embeddable":true,"href":"https:\/\/drimtec.com\/de\/wp-json\/wp\/v2\/comments?post=62"}],"version-history":[{"count":4,"href":"https:\/\/drimtec.com\/de\/wp-json\/wp\/v2\/pages\/62\/revisions"}],"predecessor-version":[{"id":119,"href":"https:\/\/drimtec.com\/de\/wp-json\/wp\/v2\/pages\/62\/revisions\/119"}],"wp:attachment":[{"href":"https:\/\/drimtec.com\/de\/wp-json\/wp\/v2\/media?parent=62"}],"curies":[{"name":"wp","href":"https:\/\/api.w.org\/{rel}","templated":true}]}}