{"id":60,"date":"2023-10-26T14:29:51","date_gmt":"2023-10-26T14:29:51","guid":{"rendered":"https:\/\/drimtec.com\/?page_id=60"},"modified":"2024-01-24T11:59:39","modified_gmt":"2024-01-24T11:59:39","slug":"wheel-inner-barrels","status":"publish","type":"page","link":"https:\/\/drimtec.com\/de\/felgen-innenbetten\/","title":{"rendered":"Innenbetten"},"content":{"rendered":"<p>Unsere Innenbetten werden sorgf\u00e4ltig aus hochwertigem Aluminium 6061-T6 gefertigt, um eine optimale Balance zwischen Stabilit\u00e4t und leichtem Gewicht f\u00fcr Ihre Felgen und Auto zu gew\u00e4hrleisten.<\/p>\n\n\n\n<p>Unsere Standard Innebetten haben ein flaches Profil, das an die meistverbreitete Aussenbettprofilen angepasst ist. Die Innebetten werden mit einem Rohaluminium-Finish geliefert. <\/p>\n\n\n\n<h2 class=\"wp-block-heading\">Durchmesser<\/h2>\n\n\n\n<p>12 Zoll \/ 13 Zoll \/ 14 Zoll \/ 15 Zoll \/ 16 Zoll \/ 17 Zoll \/ 18 Zoll \/ 19 Zoll \/ 20 Zoll \/ 21 Zoll \/ 22 Zoll \/ 23 Zoll \/ 24 Zoll \/ 26 Zoll<\/p>\n\n\n\n<h2 class=\"wp-block-heading\">Breite<\/h2>\n\n\n\n<p>Wir k\u00f6nnen jede Felgeninnenbreite von 3 Zoll bis 12 Zoll herstellen.<\/p>\n\n\n\n<h2 class=\"wp-block-heading\">Material<\/h2>\n\n\n\n<p>Unser Innenbetten werden aus Aluminium 6061-T6 hergestellt.<\/p>\n\n\n\n<h2 class=\"wp-block-heading\">Felgenmarken<\/h2>\n\n\n\n<p>Wir k\u00f6nnen Innebetten nach Mass herstellen oder Betten f\u00fcr jede bestehende Felgenmarke produzieren, zum Beispiel:<\/p>\n\n\n\n<ul class=\"wp-block-list\">\n<li>BBS<\/li>\n\n\n\n<li>RH<\/li>\n\n\n\n<li>OZ<\/li>\n\n\n\n<li>Speedline<\/li>\n\n\n\n<li>Brabus<\/li>\n\n\n\n<li>Ronal<\/li>\n\n\n\n<li>Work<\/li>\n\n\n\n<li>AC Schnitzer<\/li>\n\n\n\n<li>Cargraphic<\/li>\n\n\n\n<li>Fikse<\/li>\n\n\n\n<li>Lorinser<\/li>\n\n\n\n<li>Rial<\/li>\n\n\n\n<li>Artec<\/li>\n\n\n\n<li>Eta Beta<\/li>\n\n\n\n<li>Rotiform<\/li>\n\n\n\n<li>MAE<\/li>\n\n\n\n<li>Schmidt<\/li>\n\n\n\n<li>Carline<\/li>\n\n\n\n<li>Gotti<\/li>\n\n\n\n<li>Braid<\/li>\n\n\n\n<li>PLS<\/li>\n\n\n\n<li>Mille Miglia<\/li>\n\n\n\n<li>Compomotive<\/li>\n\n\n\n<li>Axia<\/li>\n<\/ul>\n\n\n\n<p>Wenn Sie ma\u00dfgeschneiderte Betten w\u00fcnschen, geben Sie uns bitte den Durchmesser des Ausstichs, den Lochkreisdurchmesser, die Anzahl der Schraubenl\u00f6cher und den Durchmesser der Schraubenl\u00f6cher an.<\/p>","protected":false},"excerpt":{"rendered":"<p>Our inner barrels are made from the finest aluminium 6061-T6 to ensure solidity and lightweight for your wheels and your car. Our standard wheel barrels have a flat profile that is adapted to our standard step lips. The inner lips are delivered with a raw aluminium finish. Diameter 12 inch \/ 13 inch \/ 14 [&hellip;]<\/p>\n","protected":false},"author":1,"featured_media":0,"parent":0,"menu_order":0,"comment_status":"closed","ping_status":"closed","template":"","meta":{"footnotes":""},"class_list":["post-60","page","type-page","status-publish","hentry"],"yoast_head":"<!-- This site is optimized with the Yoast SEO plugin v27.4 - https:\/\/yoast.com\/product\/yoast-seo-wordpress\/ -->\n<title>Inner barrels for your wheels - DRIMTEC<\/title>\n<meta name=\"description\" content=\"We produce barrels for your 3-piece wheels. Get any wheel barrels from 3&#039;&#039; to 12&#039;&#039; width and 12&#039;&#039; to 26&#039;&#039; diameter. Quick delivery. Best quality guaranteed.\" \/>\n<meta name=\"robots\" content=\"index, follow, max-snippet:-1, max-image-preview:large, max-video-preview:-1\" \/>\n<link rel=\"canonical\" href=\"https:\/\/drimtec.com\/de\/wheel-inner-barrels\/\" \/>\n<meta property=\"og:locale\" content=\"de_DE\" \/>\n<meta property=\"og:type\" content=\"article\" \/>\n<meta property=\"og:title\" content=\"Inner barrels for your wheels - DRIMTEC\" \/>\n<meta property=\"og:description\" content=\"We produce barrels for your 3-piece wheels. Get any wheel barrels from 3&#039;&#039; to 12&#039;&#039; width and 12&#039;&#039; to 26&#039;&#039; diameter. Quick delivery. Best quality guaranteed.\" \/>\n<meta property=\"og:url\" content=\"https:\/\/drimtec.com\/de\/wheel-inner-barrels\/\" \/>\n<meta property=\"og:site_name\" content=\"DRIMTEC\" \/>\n<meta property=\"article:modified_time\" content=\"2024-01-24T11:59:39+00:00\" \/>\n<meta name=\"twitter:card\" content=\"summary_large_image\" \/>\n<meta name=\"twitter:label1\" content=\"Gesch\u00e4tzte Lesezeit\" \/>\n\t<meta name=\"twitter:data1\" content=\"1 Minute\" \/>\n<script type=\"application\/ld+json\" class=\"yoast-schema-graph\">{\"@context\":\"https:\\\/\\\/schema.org\",\"@graph\":[{\"@type\":\"WebPage\",\"@id\":\"https:\\\/\\\/drimtec.com\\\/wheel-inner-barrels\\\/\",\"url\":\"https:\\\/\\\/drimtec.com\\\/wheel-inner-barrels\\\/\",\"name\":\"Inner barrels for your wheels - DRIMTEC\",\"isPartOf\":{\"@id\":\"https:\\\/\\\/drimtec.com\\\/#website\"},\"datePublished\":\"2023-10-26T14:29:51+00:00\",\"dateModified\":\"2024-01-24T11:59:39+00:00\",\"description\":\"We produce barrels for your 3-piece wheels. Get any wheel barrels from 3'' to 12'' width and 12'' to 26'' diameter. Quick delivery. Best quality guaranteed.\",\"breadcrumb\":{\"@id\":\"https:\\\/\\\/drimtec.com\\\/wheel-inner-barrels\\\/#breadcrumb\"},\"inLanguage\":\"de-DE\",\"potentialAction\":[{\"@type\":\"ReadAction\",\"target\":[\"https:\\\/\\\/drimtec.com\\\/wheel-inner-barrels\\\/\"]}]},{\"@type\":\"BreadcrumbList\",\"@id\":\"https:\\\/\\\/drimtec.com\\\/wheel-inner-barrels\\\/#breadcrumb\",\"itemListElement\":[{\"@type\":\"ListItem\",\"position\":1,\"name\":\"Home\",\"item\":\"https:\\\/\\\/drimtec.com\\\/\"},{\"@type\":\"ListItem\",\"position\":2,\"name\":\"Inner barrels\"}]},{\"@type\":\"WebSite\",\"@id\":\"https:\\\/\\\/drimtec.com\\\/#website\",\"url\":\"https:\\\/\\\/drimtec.com\\\/\",\"name\":\"DRIMTEC\",\"description\":\"Wheel rims for all\",\"publisher\":{\"@id\":\"https:\\\/\\\/drimtec.com\\\/#organization\"},\"potentialAction\":[{\"@type\":\"SearchAction\",\"target\":{\"@type\":\"EntryPoint\",\"urlTemplate\":\"https:\\\/\\\/drimtec.com\\\/?s={search_term_string}\"},\"query-input\":{\"@type\":\"PropertyValueSpecification\",\"valueRequired\":true,\"valueName\":\"search_term_string\"}}],\"inLanguage\":\"de-DE\"},{\"@type\":\"Organization\",\"@id\":\"https:\\\/\\\/drimtec.com\\\/#organization\",\"name\":\"DRIMTEC\",\"url\":\"https:\\\/\\\/drimtec.com\\\/\",\"logo\":{\"@type\":\"ImageObject\",\"inLanguage\":\"de-DE\",\"@id\":\"https:\\\/\\\/drimtec.com\\\/#\\\/schema\\\/logo\\\/image\\\/\",\"url\":\"https:\\\/\\\/drimtec.com\\\/wp-content\\\/uploads\\\/2023\\\/10\\\/cropped-wheel-lips-drimtec-logo.png\",\"contentUrl\":\"https:\\\/\\\/drimtec.com\\\/wp-content\\\/uploads\\\/2023\\\/10\\\/cropped-wheel-lips-drimtec-logo.png\",\"width\":817,\"height\":762,\"caption\":\"DRIMTEC\"},\"image\":{\"@id\":\"https:\\\/\\\/drimtec.com\\\/#\\\/schema\\\/logo\\\/image\\\/\"}}]}<\/script>\n<!-- \/ Yoast SEO plugin. -->","yoast_head_json":{"title":"Innenbetten f\u00fcr Ihre Felgen - DRIMTEC","description":"We produce barrels for your 3-piece wheels. Get any wheel barrels from 3'' to 12'' width and 12'' to 26'' diameter. Quick delivery. Best quality guaranteed.","robots":{"index":"index","follow":"follow","max-snippet":"max-snippet:-1","max-image-preview":"max-image-preview:large","max-video-preview":"max-video-preview:-1"},"canonical":"https:\/\/drimtec.com\/de\/wheel-inner-barrels\/","og_locale":"de_DE","og_type":"article","og_title":"Inner barrels for your wheels - DRIMTEC","og_description":"We produce barrels for your 3-piece wheels. Get any wheel barrels from 3'' to 12'' width and 12'' to 26'' diameter. Quick delivery. Best quality guaranteed.","og_url":"https:\/\/drimtec.com\/de\/wheel-inner-barrels\/","og_site_name":"DRIMTEC","article_modified_time":"2024-01-24T11:59:39+00:00","twitter_card":"summary_large_image","twitter_misc":{"Gesch\u00e4tzte Lesezeit":"1 Minute"},"schema":{"@context":"https:\/\/schema.org","@graph":[{"@type":"WebPage","@id":"https:\/\/drimtec.com\/wheel-inner-barrels\/","url":"https:\/\/drimtec.com\/wheel-inner-barrels\/","name":"Innenbetten f\u00fcr Ihre Felgen - DRIMTEC","isPartOf":{"@id":"https:\/\/drimtec.com\/#website"},"datePublished":"2023-10-26T14:29:51+00:00","dateModified":"2024-01-24T11:59:39+00:00","description":"We produce barrels for your 3-piece wheels. Get any wheel barrels from 3'' to 12'' width and 12'' to 26'' diameter. Quick delivery. Best quality guaranteed.","breadcrumb":{"@id":"https:\/\/drimtec.com\/wheel-inner-barrels\/#breadcrumb"},"inLanguage":"de-DE","potentialAction":[{"@type":"ReadAction","target":["https:\/\/drimtec.com\/wheel-inner-barrels\/"]}]},{"@type":"BreadcrumbList","@id":"https:\/\/drimtec.com\/wheel-inner-barrels\/#breadcrumb","itemListElement":[{"@type":"ListItem","position":1,"name":"Home","item":"https:\/\/drimtec.com\/"},{"@type":"ListItem","position":2,"name":"Inner barrels"}]},{"@type":"WebSite","@id":"https:\/\/drimtec.com\/#website","url":"https:\/\/drimtec.com\/","name":"DRIMTEC","description":"Wheel rims for all","publisher":{"@id":"https:\/\/drimtec.com\/#organization"},"potentialAction":[{"@type":"SearchAction","target":{"@type":"EntryPoint","urlTemplate":"https:\/\/drimtec.com\/?s={search_term_string}"},"query-input":{"@type":"PropertyValueSpecification","valueRequired":true,"valueName":"search_term_string"}}],"inLanguage":"de-DE"},{"@type":"Organization","@id":"https:\/\/drimtec.com\/#organization","name":"DRIMTEC","url":"https:\/\/drimtec.com\/","logo":{"@type":"ImageObject","inLanguage":"de-DE","@id":"https:\/\/drimtec.com\/#\/schema\/logo\/image\/","url":"https:\/\/drimtec.com\/wp-content\/uploads\/2023\/10\/cropped-wheel-lips-drimtec-logo.png","contentUrl":"https:\/\/drimtec.com\/wp-content\/uploads\/2023\/10\/cropped-wheel-lips-drimtec-logo.png","width":817,"height":762,"caption":"DRIMTEC"},"image":{"@id":"https:\/\/drimtec.com\/#\/schema\/logo\/image\/"}}]}},"_links":{"self":[{"href":"https:\/\/drimtec.com\/de\/wp-json\/wp\/v2\/pages\/60","targetHints":{"allow":["GET"]}}],"collection":[{"href":"https:\/\/drimtec.com\/de\/wp-json\/wp\/v2\/pages"}],"about":[{"href":"https:\/\/drimtec.com\/de\/wp-json\/wp\/v2\/types\/page"}],"author":[{"embeddable":true,"href":"https:\/\/drimtec.com\/de\/wp-json\/wp\/v2\/users\/1"}],"replies":[{"embeddable":true,"href":"https:\/\/drimtec.com\/de\/wp-json\/wp\/v2\/comments?post=60"}],"version-history":[{"count":8,"href":"https:\/\/drimtec.com\/de\/wp-json\/wp\/v2\/pages\/60\/revisions"}],"predecessor-version":[{"id":130,"href":"https:\/\/drimtec.com\/de\/wp-json\/wp\/v2\/pages\/60\/revisions\/130"}],"wp:attachment":[{"href":"https:\/\/drimtec.com\/de\/wp-json\/wp\/v2\/media?parent=60"}],"curies":[{"name":"wp","href":"https:\/\/api.w.org\/{rel}","templated":true}]}}