{"id":58,"date":"2023-10-26T14:29:23","date_gmt":"2023-10-26T14:29:23","guid":{"rendered":"https:\/\/drimtec.com\/?page_id=58"},"modified":"2024-01-24T12:07:04","modified_gmt":"2024-01-24T12:07:04","slug":"outer-lips","status":"publish","type":"page","link":"https:\/\/drimtec.com\/de\/felgen-aussenbetten\/","title":{"rendered":"Aussenbetten"},"content":{"rendered":"<p>Unsere Felgenaussenbetten bestehen aus feinstem Aluminium 6061-T6, um Stabilit\u00e4t und geringes Gewicht f\u00fcr Ihre Felgen und Ihr Fahrzeug zu gew\u00e4hrleisten. <\/p>\n\n\n\n<p>Unsere Standardbetten haben ein Stufenprofil und werden mit polierter Oberfl\u00e4che geliefert. <\/p>\n\n\n\n<p>Wenn Sie unpolierte Betten oder Rohlinge w\u00fcnschen, wenden Sie sich bitte an unser Team. Wir helfen Ihnen gerne weiter.<\/p>\n\n\n\n<h2 class=\"wp-block-heading\">Durchmesser<\/h2>\n\n\n\n<p>12 Zoll \/ 13 Zoll \/ 14 Zoll \/ 15 Zoll \/ 16 Zoll \/ 17 Zoll \/ 18 Zoll \/ 19 Zoll \/ 20 Zoll \/ 21 Zoll \/ 22 Zoll \/ 23 Zoll \/ 24 Zoll \/ 26 Zoll <\/p>\n\n\n\n<h2 class=\"wp-block-heading\">Breite<\/h2>\n\n\n\n<p>Wir k\u00f6nnen jede Breite von 0 Zoll (Negativbetten) bis 10 Zoll produzieren. <\/p>\n\n\n\n<h2 class=\"wp-block-heading\">Material<\/h2>\n\n\n\n<p>Unsere Ausenbetten bestehen entweder aus Aluminium 6061-T6 oder Edelstahl bester Qualit\u00e4t.<\/p>\n\n\n\n<h2 class=\"wp-block-heading\">Felgenmarken<\/h2>\n\n\n\n<p>Wir k\u00f6nnen ma\u00dfgeschneiderte Aussenbetten nach Ihren W\u00fcnschen oder Betten f\u00fcr jede bestehende Felgenmarke herstellen, zum Beispiel:<\/p>\n\n\n\n<ul class=\"wp-block-list\">\n<li>BBS<\/li>\n\n\n\n<li>RH<\/li>\n\n\n\n<li>OZ<\/li>\n\n\n\n<li>Speedline<\/li>\n\n\n\n<li>Brabus<\/li>\n\n\n\n<li>Ronal<\/li>\n\n\n\n<li>Work<\/li>\n\n\n\n<li>AC Schnitzer<\/li>\n\n\n\n<li>Cargraphic<\/li>\n\n\n\n<li>Fikse<\/li>\n\n\n\n<li>Lorinser<\/li>\n\n\n\n<li>Rial<\/li>\n\n\n\n<li>Artec<\/li>\n\n\n\n<li>Eta Beta<\/li>\n\n\n\n<li>Rotiform<\/li>\n\n\n\n<li>MAE<\/li>\n\n\n\n<li>Schmidt<\/li>\n\n\n\n<li>Carline<\/li>\n\n\n\n<li>Gotti<\/li>\n\n\n\n<li>Braid<\/li>\n\n\n\n<li>PLS<\/li>\n\n\n\n<li>Mille Miglia<\/li>\n\n\n\n<li>Compomotive<\/li>\n\n\n\n<li>Axia<\/li>\n<\/ul>\n\n\n\n<p><\/p>\n\n\n\n<p>Wenn Sie ma\u00dfgeschneiderte Betten w\u00fcnschen, geben Sie uns bitte den Durchmesser des Ausstichs, den Lochkreisdurchmesser, die Anzahl der Schraubenl\u00f6cher und den Durchmesser der Schraubenl\u00f6cher an.<\/p>","protected":false},"excerpt":{"rendered":"<p>Our outer lips are made from the finest aluminium 6061-T6 to ensure solidity and lightweight for your wheels and your car. Our standard lips have a stepped profile and are delivered with a polished finish. If you wish non-polished lips or blanks, please contact our team. We are happy to help. Diameters 12 inch \/ [&hellip;]<\/p>\n","protected":false},"author":1,"featured_media":0,"parent":0,"menu_order":0,"comment_status":"closed","ping_status":"closed","template":"","meta":{"footnotes":""},"class_list":["post-58","page","type-page","status-publish","hentry"],"yoast_head":"<!-- This site is optimized with the Yoast SEO plugin v27.4 - https:\/\/yoast.com\/product\/yoast-seo-wordpress\/ -->\n<title>Outer lips for your wheels - DRIMTEC<\/title>\n<meta name=\"description\" content=\"Get any kind of outer lips for your 2 or 3-piece wheels. We are the world&#039;s leading producer. Contact us now to buy : step, slant and reverse lips.\" \/>\n<meta name=\"robots\" content=\"index, follow, max-snippet:-1, max-image-preview:large, max-video-preview:-1\" \/>\n<link rel=\"canonical\" href=\"https:\/\/drimtec.com\/de\/outer-lips\/\" \/>\n<meta property=\"og:locale\" content=\"de_DE\" \/>\n<meta property=\"og:type\" content=\"article\" \/>\n<meta property=\"og:title\" content=\"Outer lips for your wheels - DRIMTEC\" \/>\n<meta property=\"og:description\" content=\"Get any kind of outer lips for your 2 or 3-piece wheels. We are the world&#039;s leading producer. Contact us now to buy : step, slant and reverse lips.\" \/>\n<meta property=\"og:url\" content=\"https:\/\/drimtec.com\/de\/outer-lips\/\" \/>\n<meta property=\"og:site_name\" content=\"DRIMTEC\" \/>\n<meta property=\"article:modified_time\" content=\"2024-01-24T12:07:04+00:00\" \/>\n<meta name=\"twitter:card\" content=\"summary_large_image\" \/>\n<meta name=\"twitter:label1\" content=\"Gesch\u00e4tzte Lesezeit\" \/>\n\t<meta name=\"twitter:data1\" content=\"1 Minute\" \/>\n<script type=\"application\/ld+json\" class=\"yoast-schema-graph\">{\"@context\":\"https:\\\/\\\/schema.org\",\"@graph\":[{\"@type\":\"WebPage\",\"@id\":\"https:\\\/\\\/drimtec.com\\\/outer-lips\\\/\",\"url\":\"https:\\\/\\\/drimtec.com\\\/outer-lips\\\/\",\"name\":\"Outer lips for your wheels - DRIMTEC\",\"isPartOf\":{\"@id\":\"https:\\\/\\\/drimtec.com\\\/#website\"},\"datePublished\":\"2023-10-26T14:29:23+00:00\",\"dateModified\":\"2024-01-24T12:07:04+00:00\",\"description\":\"Get any kind of outer lips for your 2 or 3-piece wheels. We are the world's leading producer. Contact us now to buy : step, slant and reverse lips.\",\"breadcrumb\":{\"@id\":\"https:\\\/\\\/drimtec.com\\\/outer-lips\\\/#breadcrumb\"},\"inLanguage\":\"de-DE\",\"potentialAction\":[{\"@type\":\"ReadAction\",\"target\":[\"https:\\\/\\\/drimtec.com\\\/outer-lips\\\/\"]}]},{\"@type\":\"BreadcrumbList\",\"@id\":\"https:\\\/\\\/drimtec.com\\\/outer-lips\\\/#breadcrumb\",\"itemListElement\":[{\"@type\":\"ListItem\",\"position\":1,\"name\":\"Home\",\"item\":\"https:\\\/\\\/drimtec.com\\\/\"},{\"@type\":\"ListItem\",\"position\":2,\"name\":\"Outer lips\"}]},{\"@type\":\"WebSite\",\"@id\":\"https:\\\/\\\/drimtec.com\\\/#website\",\"url\":\"https:\\\/\\\/drimtec.com\\\/\",\"name\":\"DRIMTEC\",\"description\":\"Wheel rims for all\",\"publisher\":{\"@id\":\"https:\\\/\\\/drimtec.com\\\/#organization\"},\"potentialAction\":[{\"@type\":\"SearchAction\",\"target\":{\"@type\":\"EntryPoint\",\"urlTemplate\":\"https:\\\/\\\/drimtec.com\\\/?s={search_term_string}\"},\"query-input\":{\"@type\":\"PropertyValueSpecification\",\"valueRequired\":true,\"valueName\":\"search_term_string\"}}],\"inLanguage\":\"de-DE\"},{\"@type\":\"Organization\",\"@id\":\"https:\\\/\\\/drimtec.com\\\/#organization\",\"name\":\"DRIMTEC\",\"url\":\"https:\\\/\\\/drimtec.com\\\/\",\"logo\":{\"@type\":\"ImageObject\",\"inLanguage\":\"de-DE\",\"@id\":\"https:\\\/\\\/drimtec.com\\\/#\\\/schema\\\/logo\\\/image\\\/\",\"url\":\"https:\\\/\\\/drimtec.com\\\/wp-content\\\/uploads\\\/2023\\\/10\\\/cropped-wheel-lips-drimtec-logo.png\",\"contentUrl\":\"https:\\\/\\\/drimtec.com\\\/wp-content\\\/uploads\\\/2023\\\/10\\\/cropped-wheel-lips-drimtec-logo.png\",\"width\":817,\"height\":762,\"caption\":\"DRIMTEC\"},\"image\":{\"@id\":\"https:\\\/\\\/drimtec.com\\\/#\\\/schema\\\/logo\\\/image\\\/\"}}]}<\/script>\n<!-- \/ Yoast SEO plugin. -->","yoast_head_json":{"title":"Aussenbetten f\u00fcr Ihre Felgen - DRIMTEC","description":"Get any kind of outer lips for your 2 or 3-piece wheels. We are the world's leading producer. Contact us now to buy : step, slant and reverse lips.","robots":{"index":"index","follow":"follow","max-snippet":"max-snippet:-1","max-image-preview":"max-image-preview:large","max-video-preview":"max-video-preview:-1"},"canonical":"https:\/\/drimtec.com\/de\/outer-lips\/","og_locale":"de_DE","og_type":"article","og_title":"Outer lips for your wheels - DRIMTEC","og_description":"Get any kind of outer lips for your 2 or 3-piece wheels. We are the world's leading producer. Contact us now to buy : step, slant and reverse lips.","og_url":"https:\/\/drimtec.com\/de\/outer-lips\/","og_site_name":"DRIMTEC","article_modified_time":"2024-01-24T12:07:04+00:00","twitter_card":"summary_large_image","twitter_misc":{"Gesch\u00e4tzte Lesezeit":"1 Minute"},"schema":{"@context":"https:\/\/schema.org","@graph":[{"@type":"WebPage","@id":"https:\/\/drimtec.com\/outer-lips\/","url":"https:\/\/drimtec.com\/outer-lips\/","name":"Aussenbetten f\u00fcr Ihre Felgen - DRIMTEC","isPartOf":{"@id":"https:\/\/drimtec.com\/#website"},"datePublished":"2023-10-26T14:29:23+00:00","dateModified":"2024-01-24T12:07:04+00:00","description":"Get any kind of outer lips for your 2 or 3-piece wheels. We are the world's leading producer. Contact us now to buy : step, slant and reverse lips.","breadcrumb":{"@id":"https:\/\/drimtec.com\/outer-lips\/#breadcrumb"},"inLanguage":"de-DE","potentialAction":[{"@type":"ReadAction","target":["https:\/\/drimtec.com\/outer-lips\/"]}]},{"@type":"BreadcrumbList","@id":"https:\/\/drimtec.com\/outer-lips\/#breadcrumb","itemListElement":[{"@type":"ListItem","position":1,"name":"Home","item":"https:\/\/drimtec.com\/"},{"@type":"ListItem","position":2,"name":"Outer lips"}]},{"@type":"WebSite","@id":"https:\/\/drimtec.com\/#website","url":"https:\/\/drimtec.com\/","name":"DRIMTEC","description":"Wheel rims for all","publisher":{"@id":"https:\/\/drimtec.com\/#organization"},"potentialAction":[{"@type":"SearchAction","target":{"@type":"EntryPoint","urlTemplate":"https:\/\/drimtec.com\/?s={search_term_string}"},"query-input":{"@type":"PropertyValueSpecification","valueRequired":true,"valueName":"search_term_string"}}],"inLanguage":"de-DE"},{"@type":"Organization","@id":"https:\/\/drimtec.com\/#organization","name":"DRIMTEC","url":"https:\/\/drimtec.com\/","logo":{"@type":"ImageObject","inLanguage":"de-DE","@id":"https:\/\/drimtec.com\/#\/schema\/logo\/image\/","url":"https:\/\/drimtec.com\/wp-content\/uploads\/2023\/10\/cropped-wheel-lips-drimtec-logo.png","contentUrl":"https:\/\/drimtec.com\/wp-content\/uploads\/2023\/10\/cropped-wheel-lips-drimtec-logo.png","width":817,"height":762,"caption":"DRIMTEC"},"image":{"@id":"https:\/\/drimtec.com\/#\/schema\/logo\/image\/"}}]}},"_links":{"self":[{"href":"https:\/\/drimtec.com\/de\/wp-json\/wp\/v2\/pages\/58","targetHints":{"allow":["GET"]}}],"collection":[{"href":"https:\/\/drimtec.com\/de\/wp-json\/wp\/v2\/pages"}],"about":[{"href":"https:\/\/drimtec.com\/de\/wp-json\/wp\/v2\/types\/page"}],"author":[{"embeddable":true,"href":"https:\/\/drimtec.com\/de\/wp-json\/wp\/v2\/users\/1"}],"replies":[{"embeddable":true,"href":"https:\/\/drimtec.com\/de\/wp-json\/wp\/v2\/comments?post=58"}],"version-history":[{"count":11,"href":"https:\/\/drimtec.com\/de\/wp-json\/wp\/v2\/pages\/58\/revisions"}],"predecessor-version":[{"id":134,"href":"https:\/\/drimtec.com\/de\/wp-json\/wp\/v2\/pages\/58\/revisions\/134"}],"wp:attachment":[{"href":"https:\/\/drimtec.com\/de\/wp-json\/wp\/v2\/media?parent=58"}],"curies":[{"name":"wp","href":"https:\/\/api.w.org\/{rel}","templated":true}]}}