{"id":22,"date":"2023-10-20T09:43:28","date_gmt":"2023-10-20T09:43:28","guid":{"rendered":"https:\/\/drimtec.com\/?page_id=22"},"modified":"2024-01-24T12:08:56","modified_gmt":"2024-01-24T12:08:56","slug":"special-orders","status":"publish","type":"page","link":"https:\/\/drimtec.com\/de\/spezielle-felgenbetten\/","title":{"rendered":"Andere Profile"},"content":{"rendered":"<p>Die in den anderen Abschnitten vorgestellten Felgenbetten haben alle Stufenprofile, was auf dem europ\u00e4ischen Markt am h\u00e4ufigsten vorkommt (die meisten BBS-, RH- oder OZ-Felgen haben diese Stufenprofile). <\/p>\n\n\n\n<p>Unser Unternehmen bietet jedoch eine breite Palette unterschiedlicher, weniger verbreiteter Profile an:<\/p>\n\n\n\n<h2 class=\"wp-block-heading\">Flachbetten<\/h2>\n\n\n\n<figure class=\"wp-block-image\"><img loading=\"lazy\" decoding=\"async\" width=\"183\" height=\"116\" src=\"https:\/\/drimtec.com\/wp-content\/uploads\/2023\/10\/reverse-lips-wheels.png\" alt=\"\" class=\"wp-image-49\"\/><\/figure>\n\n\n\n<p>Unser Unternehmen bietet Flachbetten f\u00fcr Ihre Felgen an (auch Reverse genannt). Wir k\u00f6nnen diese Betten in Durchmessern von 13 bis 30 Zoll anbieten. Alle Profile k\u00f6nnen wir Ihnen auch blank, poliert oder lackiert liefern. F\u00fcr weitere Informationen wenden Sie sich bitte an unseren Kundenservice.<\/p>\n\n\n\n<h2 class=\"wp-block-heading\">Slant Felgenbetten<\/h2>\n\n\n\n<figure class=\"wp-block-image\"><img loading=\"lazy\" decoding=\"async\" width=\"178\" height=\"110\" src=\"https:\/\/drimtec.com\/wp-content\/uploads\/2023\/10\/slant-lips-drimtec.png\" alt=\"\" class=\"wp-image-52\"\/><\/figure>\n\n\n\n<p>Slant Felgenbetten sind oft auf Umbauten zu finden. Sie erm\u00f6glichen die Montage von kleineren Zentren auf gr\u00f6\u00dferen Lippen. Zum Beispiel kann ein 15-Zoll-BBS-Stern dank unserer schr\u00e4gen Lippen in eine 16- oder 17-Zoll-Felge umgewandelt werden. Wir bieten diese Slant Betten in Durchmessern von 14 bis 32 Zoll an.<\/p>\n\n\n\n<p>Diese besondere Felgenbetten werden auch \"Double Step Lips\" oder \"Triple Step Lips\" genannt.<\/p>\n\n\n\n<h2 class=\"wp-block-heading\">Felgenbetten f\u00fcr Motorrad<\/h2>\n\n\n\n<p>Motorradfelgen haben unterschiedliche Spezifikationen gem\u00e4\u00df den ETRTO-Normen. Daher sollten Sie spezielle Motorrad-Betten verwenden, wenn Sie einen Motorradreifen auf eine dreiteilige Felge montieren m\u00f6chten. Bitte fragen Sie unseren Kundenservice nach den verf\u00fcgbaren Gr\u00f6\u00dfen und geben Sie Ihr Projekt an. Wir k\u00f6nnen Ihnen helfen.<\/p>","protected":false},"excerpt":{"rendered":"<p>The wheel lips and barrels presented in the other sections all have step profiles, which is the most common on the European Market (most of the BBS, RH or OZ wheels have these step profiles). However, our company offers a wide range of different, less common profiles : Reverse lips Our company offers reverse lips [&hellip;]<\/p>\n","protected":false},"author":1,"featured_media":0,"parent":0,"menu_order":0,"comment_status":"closed","ping_status":"closed","template":"","meta":{"footnotes":""},"class_list":["post-22","page","type-page","status-publish","hentry"],"yoast_head":"<!-- This site is optimized with the Yoast SEO plugin v27.4 - https:\/\/yoast.com\/product\/yoast-seo-wordpress\/ -->\n<title>Wheel lips - Special profiles - DRIMTEC<\/title>\n<meta name=\"description\" content=\"We produce any wheel lips and barrels profile : step, slant, reverse and motorcycle lips for every wheel brand. High quality, quick delivery.\" \/>\n<meta name=\"robots\" content=\"index, follow, max-snippet:-1, max-image-preview:large, max-video-preview:-1\" \/>\n<link rel=\"canonical\" href=\"https:\/\/drimtec.com\/de\/special-orders\/\" \/>\n<meta property=\"og:locale\" content=\"de_DE\" \/>\n<meta property=\"og:type\" content=\"article\" \/>\n<meta property=\"og:title\" content=\"Wheel lips - Special profiles - DRIMTEC\" \/>\n<meta property=\"og:description\" content=\"We produce any wheel lips and barrels profile : step, slant, reverse and motorcycle lips for every wheel brand. High quality, quick delivery.\" \/>\n<meta property=\"og:url\" content=\"https:\/\/drimtec.com\/de\/special-orders\/\" \/>\n<meta property=\"og:site_name\" content=\"DRIMTEC\" \/>\n<meta property=\"article:modified_time\" content=\"2024-01-24T12:08:56+00:00\" \/>\n<meta property=\"og:image\" content=\"https:\/\/drimtec.com\/wp-content\/uploads\/2023\/10\/reverse-lips-wheels.png\" \/>\n<meta name=\"twitter:card\" content=\"summary_large_image\" \/>\n<meta name=\"twitter:label1\" content=\"Gesch\u00e4tzte Lesezeit\" \/>\n\t<meta name=\"twitter:data1\" content=\"2 Minuten\" \/>\n<script type=\"application\/ld+json\" class=\"yoast-schema-graph\">{\"@context\":\"https:\\\/\\\/schema.org\",\"@graph\":[{\"@type\":\"WebPage\",\"@id\":\"https:\\\/\\\/drimtec.com\\\/special-orders\\\/\",\"url\":\"https:\\\/\\\/drimtec.com\\\/special-orders\\\/\",\"name\":\"Wheel lips - Special profiles - DRIMTEC\",\"isPartOf\":{\"@id\":\"https:\\\/\\\/drimtec.com\\\/#website\"},\"primaryImageOfPage\":{\"@id\":\"https:\\\/\\\/drimtec.com\\\/special-orders\\\/#primaryimage\"},\"image\":{\"@id\":\"https:\\\/\\\/drimtec.com\\\/special-orders\\\/#primaryimage\"},\"thumbnailUrl\":\"https:\\\/\\\/drimtec.com\\\/wp-content\\\/uploads\\\/2023\\\/10\\\/reverse-lips-wheels.png\",\"datePublished\":\"2023-10-20T09:43:28+00:00\",\"dateModified\":\"2024-01-24T12:08:56+00:00\",\"description\":\"We produce any wheel lips and barrels profile : step, slant, reverse and motorcycle lips for every wheel brand. High quality, quick delivery.\",\"breadcrumb\":{\"@id\":\"https:\\\/\\\/drimtec.com\\\/special-orders\\\/#breadcrumb\"},\"inLanguage\":\"de-DE\",\"potentialAction\":[{\"@type\":\"ReadAction\",\"target\":[\"https:\\\/\\\/drimtec.com\\\/special-orders\\\/\"]}]},{\"@type\":\"ImageObject\",\"inLanguage\":\"de-DE\",\"@id\":\"https:\\\/\\\/drimtec.com\\\/special-orders\\\/#primaryimage\",\"url\":\"https:\\\/\\\/drimtec.com\\\/wp-content\\\/uploads\\\/2023\\\/10\\\/reverse-lips-wheels.png\",\"contentUrl\":\"https:\\\/\\\/drimtec.com\\\/wp-content\\\/uploads\\\/2023\\\/10\\\/reverse-lips-wheels.png\"},{\"@type\":\"BreadcrumbList\",\"@id\":\"https:\\\/\\\/drimtec.com\\\/special-orders\\\/#breadcrumb\",\"itemListElement\":[{\"@type\":\"ListItem\",\"position\":1,\"name\":\"Home\",\"item\":\"https:\\\/\\\/drimtec.com\\\/\"},{\"@type\":\"ListItem\",\"position\":2,\"name\":\"Special profiles\"}]},{\"@type\":\"WebSite\",\"@id\":\"https:\\\/\\\/drimtec.com\\\/#website\",\"url\":\"https:\\\/\\\/drimtec.com\\\/\",\"name\":\"DRIMTEC\",\"description\":\"Wheel rims for all\",\"publisher\":{\"@id\":\"https:\\\/\\\/drimtec.com\\\/#organization\"},\"potentialAction\":[{\"@type\":\"SearchAction\",\"target\":{\"@type\":\"EntryPoint\",\"urlTemplate\":\"https:\\\/\\\/drimtec.com\\\/?s={search_term_string}\"},\"query-input\":{\"@type\":\"PropertyValueSpecification\",\"valueRequired\":true,\"valueName\":\"search_term_string\"}}],\"inLanguage\":\"de-DE\"},{\"@type\":\"Organization\",\"@id\":\"https:\\\/\\\/drimtec.com\\\/#organization\",\"name\":\"DRIMTEC\",\"url\":\"https:\\\/\\\/drimtec.com\\\/\",\"logo\":{\"@type\":\"ImageObject\",\"inLanguage\":\"de-DE\",\"@id\":\"https:\\\/\\\/drimtec.com\\\/#\\\/schema\\\/logo\\\/image\\\/\",\"url\":\"https:\\\/\\\/drimtec.com\\\/wp-content\\\/uploads\\\/2023\\\/10\\\/cropped-wheel-lips-drimtec-logo.png\",\"contentUrl\":\"https:\\\/\\\/drimtec.com\\\/wp-content\\\/uploads\\\/2023\\\/10\\\/cropped-wheel-lips-drimtec-logo.png\",\"width\":817,\"height\":762,\"caption\":\"DRIMTEC\"},\"image\":{\"@id\":\"https:\\\/\\\/drimtec.com\\\/#\\\/schema\\\/logo\\\/image\\\/\"}}]}<\/script>\n<!-- \/ Yoast SEO plugin. -->","yoast_head_json":{"title":"Felgenbetten - besondere Profile - DRIMTEC","description":"Wir produzieren alle Arten von Felgenbetten : Stufenbetten, Flachbetten, Slant Betten oder Betten f\u00fcr Motorr\u00e4der. Premium Qualit\u00e4t und schnelle Lieferung.","robots":{"index":"index","follow":"follow","max-snippet":"max-snippet:-1","max-image-preview":"max-image-preview:large","max-video-preview":"max-video-preview:-1"},"canonical":"https:\/\/drimtec.com\/de\/special-orders\/","og_locale":"de_DE","og_type":"article","og_title":"Wheel lips - Special profiles - DRIMTEC","og_description":"We produce any wheel lips and barrels profile : step, slant, reverse and motorcycle lips for every wheel brand. High quality, quick delivery.","og_url":"https:\/\/drimtec.com\/de\/special-orders\/","og_site_name":"DRIMTEC","article_modified_time":"2024-01-24T12:08:56+00:00","og_image":[{"url":"https:\/\/drimtec.com\/wp-content\/uploads\/2023\/10\/reverse-lips-wheels.png","type":"","width":"","height":""}],"twitter_card":"summary_large_image","twitter_misc":{"Gesch\u00e4tzte Lesezeit":"2 Minuten"},"schema":{"@context":"https:\/\/schema.org","@graph":[{"@type":"WebPage","@id":"https:\/\/drimtec.com\/special-orders\/","url":"https:\/\/drimtec.com\/special-orders\/","name":"Felgenbetten - besondere Profile - DRIMTEC","isPartOf":{"@id":"https:\/\/drimtec.com\/#website"},"primaryImageOfPage":{"@id":"https:\/\/drimtec.com\/special-orders\/#primaryimage"},"image":{"@id":"https:\/\/drimtec.com\/special-orders\/#primaryimage"},"thumbnailUrl":"https:\/\/drimtec.com\/wp-content\/uploads\/2023\/10\/reverse-lips-wheels.png","datePublished":"2023-10-20T09:43:28+00:00","dateModified":"2024-01-24T12:08:56+00:00","description":"Wir produzieren alle Arten von Felgenbetten : Stufenbetten, Flachbetten, Slant Betten oder Betten f\u00fcr Motorr\u00e4der. Premium Qualit\u00e4t und schnelle Lieferung.","breadcrumb":{"@id":"https:\/\/drimtec.com\/special-orders\/#breadcrumb"},"inLanguage":"de-DE","potentialAction":[{"@type":"ReadAction","target":["https:\/\/drimtec.com\/special-orders\/"]}]},{"@type":"ImageObject","inLanguage":"de-DE","@id":"https:\/\/drimtec.com\/special-orders\/#primaryimage","url":"https:\/\/drimtec.com\/wp-content\/uploads\/2023\/10\/reverse-lips-wheels.png","contentUrl":"https:\/\/drimtec.com\/wp-content\/uploads\/2023\/10\/reverse-lips-wheels.png"},{"@type":"BreadcrumbList","@id":"https:\/\/drimtec.com\/special-orders\/#breadcrumb","itemListElement":[{"@type":"ListItem","position":1,"name":"Home","item":"https:\/\/drimtec.com\/"},{"@type":"ListItem","position":2,"name":"Special profiles"}]},{"@type":"WebSite","@id":"https:\/\/drimtec.com\/#website","url":"https:\/\/drimtec.com\/","name":"DRIMTEC","description":"Wheel rims for all","publisher":{"@id":"https:\/\/drimtec.com\/#organization"},"potentialAction":[{"@type":"SearchAction","target":{"@type":"EntryPoint","urlTemplate":"https:\/\/drimtec.com\/?s={search_term_string}"},"query-input":{"@type":"PropertyValueSpecification","valueRequired":true,"valueName":"search_term_string"}}],"inLanguage":"de-DE"},{"@type":"Organization","@id":"https:\/\/drimtec.com\/#organization","name":"DRIMTEC","url":"https:\/\/drimtec.com\/","logo":{"@type":"ImageObject","inLanguage":"de-DE","@id":"https:\/\/drimtec.com\/#\/schema\/logo\/image\/","url":"https:\/\/drimtec.com\/wp-content\/uploads\/2023\/10\/cropped-wheel-lips-drimtec-logo.png","contentUrl":"https:\/\/drimtec.com\/wp-content\/uploads\/2023\/10\/cropped-wheel-lips-drimtec-logo.png","width":817,"height":762,"caption":"DRIMTEC"},"image":{"@id":"https:\/\/drimtec.com\/#\/schema\/logo\/image\/"}}]}},"_links":{"self":[{"href":"https:\/\/drimtec.com\/de\/wp-json\/wp\/v2\/pages\/22","targetHints":{"allow":["GET"]}}],"collection":[{"href":"https:\/\/drimtec.com\/de\/wp-json\/wp\/v2\/pages"}],"about":[{"href":"https:\/\/drimtec.com\/de\/wp-json\/wp\/v2\/types\/page"}],"author":[{"embeddable":true,"href":"https:\/\/drimtec.com\/de\/wp-json\/wp\/v2\/users\/1"}],"replies":[{"embeddable":true,"href":"https:\/\/drimtec.com\/de\/wp-json\/wp\/v2\/comments?post=22"}],"version-history":[{"count":9,"href":"https:\/\/drimtec.com\/de\/wp-json\/wp\/v2\/pages\/22\/revisions"}],"predecessor-version":[{"id":135,"href":"https:\/\/drimtec.com\/de\/wp-json\/wp\/v2\/pages\/22\/revisions\/135"}],"wp:attachment":[{"href":"https:\/\/drimtec.com\/de\/wp-json\/wp\/v2\/media?parent=22"}],"curies":[{"name":"wp","href":"https:\/\/api.w.org\/{rel}","templated":true}]}}