{"id":18,"date":"2023-10-20T09:38:45","date_gmt":"2023-10-20T09:38:45","guid":{"rendered":"https:\/\/drimtec.com\/?page_id=18"},"modified":"2024-01-24T11:57:30","modified_gmt":"2024-01-24T11:57:30","slug":"delivery","status":"publish","type":"page","link":"https:\/\/drimtec.com\/de\/lieferung\/","title":{"rendered":"Lieferung"},"content":{"rendered":"<p>Wir versenden unsere Felgenbetten t\u00e4glich und weltweit.<\/p>\n\n\n\n<p>Wir verf\u00fcgen \u00fcber einen riesigen Lagerbestand an fertigen Betten f\u00fcr verschiedene Marken (BBS, OZ, RH usw.), oder Rohprodukten in allen Gr\u00f6\u00dfen und Durchmessern, aus Aluminium und Edelstahl. Dadurch stellen wir sicher, dass alle Bestellungen p\u00fcnktlich ausgef\u00fchrt und innerhalb weniger Tage versendet werden k\u00f6nnen. <\/p>\n\n\n\n<p>Drimtec hat Vertr\u00e4ge mit verschiedenen Lieferunternehmen, um eine schnelle und kosteng\u00fcnstige Lieferung in jeden Teil der Welt (USA, Europa, Australien usw.) zu gew\u00e4hrleisten.<\/p>\n\n\n\n<p>Wir legen gro\u00dfen Wert auf die Verpackung unserer Produkte, um sicherzustellen, dass sie sicher und in einwandfreiem Zustand ankommen. Unsere Verpackungen bestehen aus langlebigen Materialien, die den Strapazen des Versands standhalten. Wir verwenden au\u00dferdem sch\u00fctzende Verpackungsmaterialien, um unsere Produkte zu polstern und sie vor Besch\u00e4digungen zu sch\u00fctzen.<\/p>\n\n\n\n<p>Wenn Sie gr\u00f6\u00dfere Mengen bestellen, k\u00f6nnen wir unsere Felgenbetten auch auf Paletten verpacken und versenden.<\/p>\n\n\n\n<p>F\u00fcr weitere Informationen kontaktieren Sie uns bitte.<\/p>","protected":false},"excerpt":{"rendered":"<p>We are shipping our lips and barrels on a daily basis and worlwide. We have a huge stock of fully ready lips for different brands (BBS, OZ, RH etc.), semi-finished or raw products in all sizes and diameters, aluminium and stainless steel. Thus we ensure that all orders can be fulfilled on time and shipped [&hellip;]<\/p>\n","protected":false},"author":1,"featured_media":0,"parent":0,"menu_order":0,"comment_status":"closed","ping_status":"closed","template":"","meta":{"footnotes":""},"class_list":["post-18","page","type-page","status-publish","hentry"],"yoast_head":"<!-- This site is optimized with the Yoast SEO plugin v27.4 - https:\/\/yoast.com\/product\/yoast-seo-wordpress\/ -->\n<title>Wheel lips and barrels - Delivery - DRIMTEC<\/title>\n<meta name=\"description\" content=\"We can deliver wheel lips and barrels for any wheel brand very quickly (BBS, OZ...) Worldwide delivery within 24 hours. Huge stock available now.\" \/>\n<meta name=\"robots\" content=\"index, follow, max-snippet:-1, max-image-preview:large, max-video-preview:-1\" \/>\n<link rel=\"canonical\" href=\"https:\/\/drimtec.com\/de\/delivery\/\" \/>\n<meta property=\"og:locale\" content=\"de_DE\" \/>\n<meta property=\"og:type\" content=\"article\" \/>\n<meta property=\"og:title\" content=\"Wheel lips and barrels - Delivery - DRIMTEC\" \/>\n<meta property=\"og:description\" content=\"We can deliver wheel lips and barrels for any wheel brand very quickly (BBS, OZ...) Worldwide delivery within 24 hours. Huge stock available now.\" \/>\n<meta property=\"og:url\" content=\"https:\/\/drimtec.com\/de\/delivery\/\" \/>\n<meta property=\"og:site_name\" content=\"DRIMTEC\" \/>\n<meta property=\"article:modified_time\" content=\"2024-01-24T11:57:30+00:00\" \/>\n<meta name=\"twitter:card\" content=\"summary_large_image\" \/>\n<meta name=\"twitter:label1\" content=\"Gesch\u00e4tzte Lesezeit\" \/>\n\t<meta name=\"twitter:data1\" content=\"1 Minute\" \/>\n<script type=\"application\/ld+json\" class=\"yoast-schema-graph\">{\"@context\":\"https:\\\/\\\/schema.org\",\"@graph\":[{\"@type\":\"WebPage\",\"@id\":\"https:\\\/\\\/drimtec.com\\\/delivery\\\/\",\"url\":\"https:\\\/\\\/drimtec.com\\\/delivery\\\/\",\"name\":\"Wheel lips and barrels - Delivery - DRIMTEC\",\"isPartOf\":{\"@id\":\"https:\\\/\\\/drimtec.com\\\/#website\"},\"datePublished\":\"2023-10-20T09:38:45+00:00\",\"dateModified\":\"2024-01-24T11:57:30+00:00\",\"description\":\"We can deliver wheel lips and barrels for any wheel brand very quickly (BBS, OZ...) Worldwide delivery within 24 hours. Huge stock available now.\",\"breadcrumb\":{\"@id\":\"https:\\\/\\\/drimtec.com\\\/delivery\\\/#breadcrumb\"},\"inLanguage\":\"de-DE\",\"potentialAction\":[{\"@type\":\"ReadAction\",\"target\":[\"https:\\\/\\\/drimtec.com\\\/delivery\\\/\"]}]},{\"@type\":\"BreadcrumbList\",\"@id\":\"https:\\\/\\\/drimtec.com\\\/delivery\\\/#breadcrumb\",\"itemListElement\":[{\"@type\":\"ListItem\",\"position\":1,\"name\":\"Home\",\"item\":\"https:\\\/\\\/drimtec.com\\\/\"},{\"@type\":\"ListItem\",\"position\":2,\"name\":\"Delivery\"}]},{\"@type\":\"WebSite\",\"@id\":\"https:\\\/\\\/drimtec.com\\\/#website\",\"url\":\"https:\\\/\\\/drimtec.com\\\/\",\"name\":\"DRIMTEC\",\"description\":\"Wheel rims for all\",\"publisher\":{\"@id\":\"https:\\\/\\\/drimtec.com\\\/#organization\"},\"potentialAction\":[{\"@type\":\"SearchAction\",\"target\":{\"@type\":\"EntryPoint\",\"urlTemplate\":\"https:\\\/\\\/drimtec.com\\\/?s={search_term_string}\"},\"query-input\":{\"@type\":\"PropertyValueSpecification\",\"valueRequired\":true,\"valueName\":\"search_term_string\"}}],\"inLanguage\":\"de-DE\"},{\"@type\":\"Organization\",\"@id\":\"https:\\\/\\\/drimtec.com\\\/#organization\",\"name\":\"DRIMTEC\",\"url\":\"https:\\\/\\\/drimtec.com\\\/\",\"logo\":{\"@type\":\"ImageObject\",\"inLanguage\":\"de-DE\",\"@id\":\"https:\\\/\\\/drimtec.com\\\/#\\\/schema\\\/logo\\\/image\\\/\",\"url\":\"https:\\\/\\\/drimtec.com\\\/wp-content\\\/uploads\\\/2023\\\/10\\\/cropped-wheel-lips-drimtec-logo.png\",\"contentUrl\":\"https:\\\/\\\/drimtec.com\\\/wp-content\\\/uploads\\\/2023\\\/10\\\/cropped-wheel-lips-drimtec-logo.png\",\"width\":817,\"height\":762,\"caption\":\"DRIMTEC\"},\"image\":{\"@id\":\"https:\\\/\\\/drimtec.com\\\/#\\\/schema\\\/logo\\\/image\\\/\"}}]}<\/script>\n<!-- \/ Yoast SEO plugin. -->","yoast_head_json":{"title":"Felgenbetten - Lieferung - DRIMTEC","description":"Wir k\u00f6nnen Felgenbetten f\u00fcr jede Felgenmarke (BBS, OZ...) sehr schnell liefern. Weltweite Lieferung innerhalb von 24 Stunden. Riesiger Vorrat jetzt verf\u00fcgbar.","robots":{"index":"index","follow":"follow","max-snippet":"max-snippet:-1","max-image-preview":"max-image-preview:large","max-video-preview":"max-video-preview:-1"},"canonical":"https:\/\/drimtec.com\/de\/delivery\/","og_locale":"de_DE","og_type":"article","og_title":"Wheel lips and barrels - Delivery - DRIMTEC","og_description":"We can deliver wheel lips and barrels for any wheel brand very quickly (BBS, OZ...) Worldwide delivery within 24 hours. Huge stock available now.","og_url":"https:\/\/drimtec.com\/de\/delivery\/","og_site_name":"DRIMTEC","article_modified_time":"2024-01-24T11:57:30+00:00","twitter_card":"summary_large_image","twitter_misc":{"Gesch\u00e4tzte Lesezeit":"1 Minute"},"schema":{"@context":"https:\/\/schema.org","@graph":[{"@type":"WebPage","@id":"https:\/\/drimtec.com\/delivery\/","url":"https:\/\/drimtec.com\/delivery\/","name":"Felgenbetten - Lieferung - DRIMTEC","isPartOf":{"@id":"https:\/\/drimtec.com\/#website"},"datePublished":"2023-10-20T09:38:45+00:00","dateModified":"2024-01-24T11:57:30+00:00","description":"Wir k\u00f6nnen Felgenbetten f\u00fcr jede Felgenmarke (BBS, OZ...) sehr schnell liefern. Weltweite Lieferung innerhalb von 24 Stunden. Riesiger Vorrat jetzt verf\u00fcgbar.","breadcrumb":{"@id":"https:\/\/drimtec.com\/delivery\/#breadcrumb"},"inLanguage":"de-DE","potentialAction":[{"@type":"ReadAction","target":["https:\/\/drimtec.com\/delivery\/"]}]},{"@type":"BreadcrumbList","@id":"https:\/\/drimtec.com\/delivery\/#breadcrumb","itemListElement":[{"@type":"ListItem","position":1,"name":"Home","item":"https:\/\/drimtec.com\/"},{"@type":"ListItem","position":2,"name":"Delivery"}]},{"@type":"WebSite","@id":"https:\/\/drimtec.com\/#website","url":"https:\/\/drimtec.com\/","name":"DRIMTEC","description":"Wheel rims for all","publisher":{"@id":"https:\/\/drimtec.com\/#organization"},"potentialAction":[{"@type":"SearchAction","target":{"@type":"EntryPoint","urlTemplate":"https:\/\/drimtec.com\/?s={search_term_string}"},"query-input":{"@type":"PropertyValueSpecification","valueRequired":true,"valueName":"search_term_string"}}],"inLanguage":"de-DE"},{"@type":"Organization","@id":"https:\/\/drimtec.com\/#organization","name":"DRIMTEC","url":"https:\/\/drimtec.com\/","logo":{"@type":"ImageObject","inLanguage":"de-DE","@id":"https:\/\/drimtec.com\/#\/schema\/logo\/image\/","url":"https:\/\/drimtec.com\/wp-content\/uploads\/2023\/10\/cropped-wheel-lips-drimtec-logo.png","contentUrl":"https:\/\/drimtec.com\/wp-content\/uploads\/2023\/10\/cropped-wheel-lips-drimtec-logo.png","width":817,"height":762,"caption":"DRIMTEC"},"image":{"@id":"https:\/\/drimtec.com\/#\/schema\/logo\/image\/"}}]}},"_links":{"self":[{"href":"https:\/\/drimtec.com\/de\/wp-json\/wp\/v2\/pages\/18","targetHints":{"allow":["GET"]}}],"collection":[{"href":"https:\/\/drimtec.com\/de\/wp-json\/wp\/v2\/pages"}],"about":[{"href":"https:\/\/drimtec.com\/de\/wp-json\/wp\/v2\/types\/page"}],"author":[{"embeddable":true,"href":"https:\/\/drimtec.com\/de\/wp-json\/wp\/v2\/users\/1"}],"replies":[{"embeddable":true,"href":"https:\/\/drimtec.com\/de\/wp-json\/wp\/v2\/comments?post=18"}],"version-history":[{"count":6,"href":"https:\/\/drimtec.com\/de\/wp-json\/wp\/v2\/pages\/18\/revisions"}],"predecessor-version":[{"id":132,"href":"https:\/\/drimtec.com\/de\/wp-json\/wp\/v2\/pages\/18\/revisions\/132"}],"wp:attachment":[{"href":"https:\/\/drimtec.com\/de\/wp-json\/wp\/v2\/media?parent=18"}],"curies":[{"name":"wp","href":"https:\/\/api.w.org\/{rel}","templated":true}]}}